{"id":16,"date":"2019-11-07T15:25:32","date_gmt":"2019-11-07T14:25:32","guid":{"rendered":"http:\/\/cours-corrections-sans-faute.fr\/?page_id=16"},"modified":"2023-10-12T15:27:20","modified_gmt":"2023-10-12T13:27:20","slug":"cours-et-formations-en-entreprises-et-etablissements","status":"publish","type":"page","link":"https:\/\/cours-corrections-sans-faute.fr\/index.php\/cours-et-formation\/cours-et-formations-en-entreprises-et-etablissements\/","title":{"rendered":"Entreprises et \u00e9tablissements"},"content":{"rendered":"<h1 style=\"text-align: center;\">Cours et formations en fran\u00e7ais en entreprise ou \u00e9tablissement de formation<\/h1>\n<p><img loading=\"lazy\" decoding=\"async\" class=\"size-medium wp-image-67 aligncenter\" src=\"http:\/\/cours-corrections-sans-faute.fr\/wp-content\/uploads\/2019\/11\/teaching-311356__340-300x218.png\" alt=\"\" width=\"300\" height=\"218\" srcset=\"https:\/\/cours-corrections-sans-faute.fr\/wp-content\/uploads\/2019\/11\/teaching-311356__340-300x218.png 300w, https:\/\/cours-corrections-sans-faute.fr\/wp-content\/uploads\/2019\/11\/teaching-311356__340.png 467w\" sizes=\"auto, (max-width: 300px) 100vw, 300px\" \/><\/p>\n<p><span style=\"color: #ff0000;\">Vous constatez quelques lacunes chez vos employ\u00e9s ou vos \u00e9tudiants et vous souhaitez organiser une session de remise \u00e0 niveau ? <\/span>Sans-faute vous propose des cours et formations en entreprise ou en \u00e9tablissement de formation : remise \u00e0 niveau, approfondissement, pr\u00e9paration aux examens et certifications. Nous \u00e9laborerons un programme sp\u00e9cifique pour vos collaborateurs ou \u00e9tudiants, apr\u00e8s analyse de votre demande et de leurs besoins.<\/p>\n<p><a href=\"https:\/\/cours-corrections-sans-faute.fr\/index.php\/cours-et-formation\/preparation-au-certificat-voltaire\/\" target=\"_blank\" rel=\"noopener\">Programme d&rsquo;accompagnement au Certificat Voltaire<\/a>.<\/p>\n<p><strong>\u00c9tablissements\/organismes de formation :<\/strong>\u00a0 \u00a0 \u00a0 \u00a0 \u00a0 \u00a0 \u00a0 \u00a0<img loading=\"lazy\" decoding=\"async\" class=\" wp-image-372\" src=\"https:\/\/cours-corrections-sans-faute.fr\/wp-content\/uploads\/2021\/02\/preparation-aux-examens.jpg\" alt=\"formation pr\u00e9paration aux examens\" width=\"210\" height=\"126\" \/><\/p>\n<p>Vous souhaitez faire passer \u00e0 vos \u00e9tudiants un examen (type <a href=\"https:\/\/www.certificat-voltaire.fr\/\" target=\"_blank\" rel=\"noopener\">certificat Voltaire<\/a>, Cl\u00e9A&#8230;), attestant de leur niveau en orthographe, \u00e0 faire valoir sur leur CV ? Ou bien les pr\u00e9parer \u00e0 des \u00e9preuves mettant en \u0153uvre des qualit\u00e9s r\u00e9dactionnelles et\/ou la connaissance de la langue fran\u00e7aise ?<\/p>\n<p>Je peux les accompagner dans leur pr\u00e9paration. <a href=\"https:\/\/cours-corrections-sans-faute.fr\/index.php\/cours-et-formation\/preparation-au-certificat-voltaire\/\" target=\"_blank\" rel=\"noopener\">Programme d&rsquo;accompagnement au Certificat Voltaire<\/a>.<\/p>\n<p>Vous souhaitez les aider \u00e0 r\u00e9diger courriers, courriels, comptes-rendus, CV et lettres de motivation sans erreurs d&rsquo;orthographe ou de syntaxe ?<\/p>\n<p>Je peux les y aider.<\/p>\n<p>&nbsp;<\/p>\n<p><strong>Entreprises :\u00a0 \u00a0 \u00a0 \u00a0 \u00a0 \u00a0 \u00a0 \u00a0 \u00a0 \u00a0 \u00a0 \u00a0 \u00a0 \u00a0 \u00a0 \u00a0 \u00a0 \u00a0 \u00a0 \u00a0 \u00a0 \u00a0 \u00a0 \u00a0 \u00a0 \u00a0 \u00a0<\/strong><img loading=\"lazy\" decoding=\"async\" class=\" wp-image-373\" src=\"https:\/\/cours-corrections-sans-faute.fr\/wp-content\/uploads\/2021\/02\/remise-a-niveau.jpg\" alt=\"formation de fran\u00e7ais en entreprise\" width=\"369\" height=\"187\" srcset=\"https:\/\/cours-corrections-sans-faute.fr\/wp-content\/uploads\/2021\/02\/remise-a-niveau.jpg 1280w, https:\/\/cours-corrections-sans-faute.fr\/wp-content\/uploads\/2021\/02\/remise-a-niveau-300x153.jpg 300w, https:\/\/cours-corrections-sans-faute.fr\/wp-content\/uploads\/2021\/02\/remise-a-niveau-1024x521.jpg 1024w, https:\/\/cours-corrections-sans-faute.fr\/wp-content\/uploads\/2021\/02\/remise-a-niveau-768x391.jpg 768w\" sizes=\"auto, (max-width: 369px) 100vw, 369px\" \/><\/p>\n<p>Vous \u00eates soucieuses de l&rsquo;image de votre soci\u00e9t\u00e9, vous souhaitez que vos employ\u00e9s r\u00e9digent des rapports, comptes rendus, pr\u00e9sentations, courriers et courriels sans erreurs d&rsquo;orthographe, de syntaxe ou de vocabulaire ? Faites appel \u00e0 Sans-faute.<\/p>\n<h2>Cours et formations : exemples de programmes<\/h2>\n<p><strong>Exemple de programme de formation<\/strong> de deux jours : <a href=\"https:\/\/cours-corrections-sans-faute.fr\/wp-content\/uploads\/2021\/02\/programme-de-formation-Sans-faute.pdf\">programme de formation Sans-faute<\/a><\/p>\n<p><strong>Exemple de programme de formation<\/strong> de 8 heures \u00e0 distance :<a href=\"https:\/\/cours-corrections-sans-faute.fr\/wp-content\/uploads\/2021\/02\/programme-de-formation-Sans-faute-4-x-2-h-a-distance.pdf\">programme de formation Sans-faute 4 x 2 h \u00e0 distance<\/a><\/p>\n<p>Dans tous les cas, le <strong>programme est adapt\u00e9 et construit en fonction des besoins<\/strong> du demandeur.<\/p>\n<p>Contenu pouvant \u00eatre fractionn\u00e9 (s\u00e9ances de deux heures, par exemple) et \u00e9galement propos\u00e9 \u00e0 distance en visioconf\u00e9rence.<\/p>\n<h4><a href=\"http:\/\/cours-corrections-sans-faute.fr\/index.php\/contact\/\" target=\"_blank\" rel=\"noopener noreferrer\">Contactez-moi<\/a> <span style=\"color: #ff0000;\">pour d\u00e9finir ensemble votre besoin : formation individuelle ou collective, une ou plusieurs sessions, \u00e0 l&rsquo;heure, \u00e0 la demi-journ\u00e9e ou \u00e0 la journ\u00e9e.<\/span><\/h4>\n<p><img loading=\"lazy\" decoding=\"async\" class=\"wp-image-381 aligncenter\" src=\"https:\/\/cours-corrections-sans-faute.fr\/wp-content\/uploads\/2021\/02\/3-Logo-Sans-Faute-Facebook-002.jpg\" alt=\"\" width=\"226\" height=\"225\" srcset=\"https:\/\/cours-corrections-sans-faute.fr\/wp-content\/uploads\/2021\/02\/3-Logo-Sans-Faute-Facebook-002.jpg 500w, https:\/\/cours-corrections-sans-faute.fr\/wp-content\/uploads\/2021\/02\/3-Logo-Sans-Faute-Facebook-002-300x300.jpg 300w, https:\/\/cours-corrections-sans-faute.fr\/wp-content\/uploads\/2021\/02\/3-Logo-Sans-Faute-Facebook-002-150x150.jpg 150w\" sizes=\"auto, (max-width: 226px) 100vw, 226px\" \/><\/p>\n<hr \/>\n<p><strong>Tarifs : <\/strong><\/p>\n<p>\u00c0 titre indicatif, <strong>40 \u20ac l&rsquo;heure en formation individuelle<\/strong>, <strong>300 \u20ac la demi-journ\u00e9e en formation collective<\/strong> (groupes de 12 personnes au maximum) + frais de d\u00e9placement au-del\u00e0 de 10 km.<\/p>\n<p>Je me d\u00e9place dans un rayon de 30 km autour de mon domicile (Maurepas, Yvelines).<\/p>\n<p>Retrouvez \u00e9galement mes formations au catalogue de l&rsquo;organisme de formation PartageonsLaFormation.com :\u00a0<a href=\"https:\/\/www.partageonslaformation.com\/offre-de-formation\/\" target=\"_blank\" rel=\"noopener\">offre de formation<\/a> (cat\u00e9gorie linguistique, formation sur mesure). Contactez l&rsquo;organisme pour toute formation financ\u00e9e par des fonds publics.<\/p>\n<p>Pour vos <strong>formations professionnelles<\/strong>, j&rsquo;interviens en tant que sous-traitante pour l&rsquo;organisme <a href=\"https:\/\/www.partageonslaformation.com\/offre-de-formation\/\">Partageons la formation<\/a>, certifi\u00e9 Qualiopi, qui prend en charge la gestion administrative et financi\u00e8re de votre dossier.<\/p>\n","protected":false},"excerpt":{"rendered":"<p>Cours et formations en fran\u00e7ais en entreprise ou \u00e9tablissement de formation Vous constatez quelques lacunes chez vos employ\u00e9s ou vos \u00e9tudiants et vous souhaitez organiser une session de remise \u00e0 niveau ? Sans-faute vous propose des cours et formations en entreprise ou en \u00e9tablissement de formation : remise \u00e0 niveau, approfondissement, pr\u00e9paration aux examens et &#8230; <a title=\"Entreprises et \u00e9tablissements\" class=\"read-more\" href=\"https:\/\/cours-corrections-sans-faute.fr\/index.php\/cours-et-formation\/cours-et-formations-en-entreprises-et-etablissements\/\" aria-label=\"En savoir plus sur Entreprises et \u00e9tablissements\">Lire la suite<\/a><\/p>\n","protected":false},"author":1,"featured_media":0,"parent":12,"menu_order":50,"comment_status":"closed","ping_status":"closed","template":"","meta":{"footnotes":""},"class_list":["post-16","page","type-page","status-publish"],"yoast_head":"<!-- This site is optimized with the Yoast SEO plugin v25.9 - https:\/\/yoast.com\/wordpress\/plugins\/seo\/ -->\n<title>cours et formations Entreprises et \u00e9tablissements - Sans-faute<\/title>\n<meta name=\"description\" content=\"Cours et formations en fran\u00e7ais : remises \u00e0 niveau, approfondissement, pr\u00e9paration aux examens et certifications.\" \/>\n<meta name=\"robots\" content=\"index, follow, max-snippet:-1, max-image-preview:large, max-video-preview:-1\" \/>\n<link rel=\"canonical\" href=\"https:\/\/cours-corrections-sans-faute.fr\/index.php\/cours-et-formation\/cours-et-formations-en-entreprises-et-etablissements\/\" \/>\n<meta property=\"og:locale\" content=\"fr_FR\" \/>\n<meta property=\"og:type\" content=\"article\" \/>\n<meta property=\"og:title\" content=\"cours et formations Entreprises et \u00e9tablissements - Sans-faute\" \/>\n<meta property=\"og:description\" content=\"Cours et formations en fran\u00e7ais : remises \u00e0 niveau, approfondissement, pr\u00e9paration aux examens et certifications.\" \/>\n<meta property=\"og:url\" content=\"https:\/\/cours-corrections-sans-faute.fr\/index.php\/cours-et-formation\/cours-et-formations-en-entreprises-et-etablissements\/\" \/>\n<meta property=\"og:site_name\" content=\"Sans-faute\" \/>\n<meta property=\"article:publisher\" content=\"https:\/\/www.facebook.com\/Sans.faute78\/\" \/>\n<meta property=\"article:modified_time\" content=\"2023-10-12T13:27:20+00:00\" \/>\n<meta property=\"og:image\" content=\"http:\/\/cours-corrections-sans-faute.fr\/wp-content\/uploads\/2019\/11\/teaching-311356__340-300x218.png\" \/>\n<meta name=\"twitter:card\" content=\"summary_large_image\" \/>\n<meta name=\"twitter:label1\" content=\"Dur\u00e9e de lecture estim\u00e9e\" \/>\n\t<meta name=\"twitter:data1\" content=\"2 minutes\" \/>\n<script type=\"application\/ld+json\" class=\"yoast-schema-graph\">{\"@context\":\"https:\/\/schema.org\",\"@graph\":[{\"@type\":\"WebPage\",\"@id\":\"https:\/\/cours-corrections-sans-faute.fr\/index.php\/cours-et-formation\/cours-et-formations-en-entreprises-et-etablissements\/\",\"url\":\"https:\/\/cours-corrections-sans-faute.fr\/index.php\/cours-et-formation\/cours-et-formations-en-entreprises-et-etablissements\/\",\"name\":\"cours et formations Entreprises et \u00e9tablissements - Sans-faute\",\"isPartOf\":{\"@id\":\"https:\/\/cours-corrections-sans-faute.fr\/#website\"},\"primaryImageOfPage\":{\"@id\":\"https:\/\/cours-corrections-sans-faute.fr\/index.php\/cours-et-formation\/cours-et-formations-en-entreprises-et-etablissements\/#primaryimage\"},\"image\":{\"@id\":\"https:\/\/cours-corrections-sans-faute.fr\/index.php\/cours-et-formation\/cours-et-formations-en-entreprises-et-etablissements\/#primaryimage\"},\"thumbnailUrl\":\"http:\/\/cours-corrections-sans-faute.fr\/wp-content\/uploads\/2019\/11\/teaching-311356__340-300x218.png\",\"datePublished\":\"2019-11-07T14:25:32+00:00\",\"dateModified\":\"2023-10-12T13:27:20+00:00\",\"description\":\"Cours et formations en fran\u00e7ais : remises \u00e0 niveau, approfondissement, pr\u00e9paration aux examens et certifications.\",\"breadcrumb\":{\"@id\":\"https:\/\/cours-corrections-sans-faute.fr\/index.php\/cours-et-formation\/cours-et-formations-en-entreprises-et-etablissements\/#breadcrumb\"},\"inLanguage\":\"fr-FR\",\"potentialAction\":[{\"@type\":\"ReadAction\",\"target\":[\"https:\/\/cours-corrections-sans-faute.fr\/index.php\/cours-et-formation\/cours-et-formations-en-entreprises-et-etablissements\/\"]}]},{\"@type\":\"ImageObject\",\"inLanguage\":\"fr-FR\",\"@id\":\"https:\/\/cours-corrections-sans-faute.fr\/index.php\/cours-et-formation\/cours-et-formations-en-entreprises-et-etablissements\/#primaryimage\",\"url\":\"https:\/\/cours-corrections-sans-faute.fr\/wp-content\/uploads\/2019\/11\/teaching-311356__340.png\",\"contentUrl\":\"https:\/\/cours-corrections-sans-faute.fr\/wp-content\/uploads\/2019\/11\/teaching-311356__340.png\",\"width\":467,\"height\":340},{\"@type\":\"BreadcrumbList\",\"@id\":\"https:\/\/cours-corrections-sans-faute.fr\/index.php\/cours-et-formation\/cours-et-formations-en-entreprises-et-etablissements\/#breadcrumb\",\"itemListElement\":[{\"@type\":\"ListItem\",\"position\":1,\"name\":\"Accueil\",\"item\":\"https:\/\/cours-corrections-sans-faute.fr\/\"},{\"@type\":\"ListItem\",\"position\":2,\"name\":\"Cours et formations\",\"item\":\"https:\/\/cours-corrections-sans-faute.fr\/index.php\/cours-et-formation\/\"},{\"@type\":\"ListItem\",\"position\":3,\"name\":\"Entreprises et \u00e9tablissements\"}]},{\"@type\":\"WebSite\",\"@id\":\"https:\/\/cours-corrections-sans-faute.fr\/#website\",\"url\":\"https:\/\/cours-corrections-sans-faute.fr\/\",\"name\":\"Sans-faute\",\"description\":\"Relecture et correction - Formation en orthographe\",\"publisher\":{\"@id\":\"https:\/\/cours-corrections-sans-faute.fr\/#organization\"},\"potentialAction\":[{\"@type\":\"SearchAction\",\"target\":{\"@type\":\"EntryPoint\",\"urlTemplate\":\"https:\/\/cours-corrections-sans-faute.fr\/?s={search_term_string}\"},\"query-input\":{\"@type\":\"PropertyValueSpecification\",\"valueRequired\":true,\"valueName\":\"search_term_string\"}}],\"inLanguage\":\"fr-FR\"},{\"@type\":\"Organization\",\"@id\":\"https:\/\/cours-corrections-sans-faute.fr\/#organization\",\"name\":\"Sans-faute\",\"url\":\"https:\/\/cours-corrections-sans-faute.fr\/\",\"logo\":{\"@type\":\"ImageObject\",\"inLanguage\":\"fr-FR\",\"@id\":\"https:\/\/cours-corrections-sans-faute.fr\/#\/schema\/logo\/image\/\",\"url\":\"https:\/\/cours-corrections-sans-faute.fr\/wp-content\/uploads\/2021\/02\/cropped-logo-correction-et-formation.png\",\"contentUrl\":\"https:\/\/cours-corrections-sans-faute.fr\/wp-content\/uploads\/2021\/02\/cropped-logo-correction-et-formation.png\",\"width\":500,\"height\":155,\"caption\":\"Sans-faute\"},\"image\":{\"@id\":\"https:\/\/cours-corrections-sans-faute.fr\/#\/schema\/logo\/image\/\"},\"sameAs\":[\"https:\/\/www.facebook.com\/Sans.faute78\/\",\"https:\/\/www.instagram.com\/sansfaute1\/\",\"https:\/\/www.linkedin.com\/in\/anne-laure-gruet-68209618b\/\"]}]}<\/script>\n<!-- \/ Yoast SEO plugin. -->","yoast_head_json":{"title":"cours et formations Entreprises et \u00e9tablissements - Sans-faute","description":"Cours et formations en fran\u00e7ais : remises \u00e0 niveau, approfondissement, pr\u00e9paration aux examens et certifications.","robots":{"index":"index","follow":"follow","max-snippet":"max-snippet:-1","max-image-preview":"max-image-preview:large","max-video-preview":"max-video-preview:-1"},"canonical":"https:\/\/cours-corrections-sans-faute.fr\/index.php\/cours-et-formation\/cours-et-formations-en-entreprises-et-etablissements\/","og_locale":"fr_FR","og_type":"article","og_title":"cours et formations Entreprises et \u00e9tablissements - Sans-faute","og_description":"Cours et formations en fran\u00e7ais : remises \u00e0 niveau, approfondissement, pr\u00e9paration aux examens et certifications.","og_url":"https:\/\/cours-corrections-sans-faute.fr\/index.php\/cours-et-formation\/cours-et-formations-en-entreprises-et-etablissements\/","og_site_name":"Sans-faute","article_publisher":"https:\/\/www.facebook.com\/Sans.faute78\/","article_modified_time":"2023-10-12T13:27:20+00:00","og_image":[{"url":"http:\/\/cours-corrections-sans-faute.fr\/wp-content\/uploads\/2019\/11\/teaching-311356__340-300x218.png","type":"","width":"","height":""}],"twitter_card":"summary_large_image","twitter_misc":{"Dur\u00e9e de lecture estim\u00e9e":"2 minutes"},"schema":{"@context":"https:\/\/schema.org","@graph":[{"@type":"WebPage","@id":"https:\/\/cours-corrections-sans-faute.fr\/index.php\/cours-et-formation\/cours-et-formations-en-entreprises-et-etablissements\/","url":"https:\/\/cours-corrections-sans-faute.fr\/index.php\/cours-et-formation\/cours-et-formations-en-entreprises-et-etablissements\/","name":"cours et formations Entreprises et \u00e9tablissements - Sans-faute","isPartOf":{"@id":"https:\/\/cours-corrections-sans-faute.fr\/#website"},"primaryImageOfPage":{"@id":"https:\/\/cours-corrections-sans-faute.fr\/index.php\/cours-et-formation\/cours-et-formations-en-entreprises-et-etablissements\/#primaryimage"},"image":{"@id":"https:\/\/cours-corrections-sans-faute.fr\/index.php\/cours-et-formation\/cours-et-formations-en-entreprises-et-etablissements\/#primaryimage"},"thumbnailUrl":"http:\/\/cours-corrections-sans-faute.fr\/wp-content\/uploads\/2019\/11\/teaching-311356__340-300x218.png","datePublished":"2019-11-07T14:25:32+00:00","dateModified":"2023-10-12T13:27:20+00:00","description":"Cours et formations en fran\u00e7ais : remises \u00e0 niveau, approfondissement, pr\u00e9paration aux examens et certifications.","breadcrumb":{"@id":"https:\/\/cours-corrections-sans-faute.fr\/index.php\/cours-et-formation\/cours-et-formations-en-entreprises-et-etablissements\/#breadcrumb"},"inLanguage":"fr-FR","potentialAction":[{"@type":"ReadAction","target":["https:\/\/cours-corrections-sans-faute.fr\/index.php\/cours-et-formation\/cours-et-formations-en-entreprises-et-etablissements\/"]}]},{"@type":"ImageObject","inLanguage":"fr-FR","@id":"https:\/\/cours-corrections-sans-faute.fr\/index.php\/cours-et-formation\/cours-et-formations-en-entreprises-et-etablissements\/#primaryimage","url":"https:\/\/cours-corrections-sans-faute.fr\/wp-content\/uploads\/2019\/11\/teaching-311356__340.png","contentUrl":"https:\/\/cours-corrections-sans-faute.fr\/wp-content\/uploads\/2019\/11\/teaching-311356__340.png","width":467,"height":340},{"@type":"BreadcrumbList","@id":"https:\/\/cours-corrections-sans-faute.fr\/index.php\/cours-et-formation\/cours-et-formations-en-entreprises-et-etablissements\/#breadcrumb","itemListElement":[{"@type":"ListItem","position":1,"name":"Accueil","item":"https:\/\/cours-corrections-sans-faute.fr\/"},{"@type":"ListItem","position":2,"name":"Cours et formations","item":"https:\/\/cours-corrections-sans-faute.fr\/index.php\/cours-et-formation\/"},{"@type":"ListItem","position":3,"name":"Entreprises et \u00e9tablissements"}]},{"@type":"WebSite","@id":"https:\/\/cours-corrections-sans-faute.fr\/#website","url":"https:\/\/cours-corrections-sans-faute.fr\/","name":"Sans-faute","description":"Relecture et correction - Formation en orthographe","publisher":{"@id":"https:\/\/cours-corrections-sans-faute.fr\/#organization"},"potentialAction":[{"@type":"SearchAction","target":{"@type":"EntryPoint","urlTemplate":"https:\/\/cours-corrections-sans-faute.fr\/?s={search_term_string}"},"query-input":{"@type":"PropertyValueSpecification","valueRequired":true,"valueName":"search_term_string"}}],"inLanguage":"fr-FR"},{"@type":"Organization","@id":"https:\/\/cours-corrections-sans-faute.fr\/#organization","name":"Sans-faute","url":"https:\/\/cours-corrections-sans-faute.fr\/","logo":{"@type":"ImageObject","inLanguage":"fr-FR","@id":"https:\/\/cours-corrections-sans-faute.fr\/#\/schema\/logo\/image\/","url":"https:\/\/cours-corrections-sans-faute.fr\/wp-content\/uploads\/2021\/02\/cropped-logo-correction-et-formation.png","contentUrl":"https:\/\/cours-corrections-sans-faute.fr\/wp-content\/uploads\/2021\/02\/cropped-logo-correction-et-formation.png","width":500,"height":155,"caption":"Sans-faute"},"image":{"@id":"https:\/\/cours-corrections-sans-faute.fr\/#\/schema\/logo\/image\/"},"sameAs":["https:\/\/www.facebook.com\/Sans.faute78\/","https:\/\/www.instagram.com\/sansfaute1\/","https:\/\/www.linkedin.com\/in\/anne-laure-gruet-68209618b\/"]}]}},"_links":{"self":[{"href":"https:\/\/cours-corrections-sans-faute.fr\/index.php\/wp-json\/wp\/v2\/pages\/16","targetHints":{"allow":["GET"]}}],"collection":[{"href":"https:\/\/cours-corrections-sans-faute.fr\/index.php\/wp-json\/wp\/v2\/pages"}],"about":[{"href":"https:\/\/cours-corrections-sans-faute.fr\/index.php\/wp-json\/wp\/v2\/types\/page"}],"author":[{"embeddable":true,"href":"https:\/\/cours-corrections-sans-faute.fr\/index.php\/wp-json\/wp\/v2\/users\/1"}],"replies":[{"embeddable":true,"href":"https:\/\/cours-corrections-sans-faute.fr\/index.php\/wp-json\/wp\/v2\/comments?post=16"}],"version-history":[{"count":35,"href":"https:\/\/cours-corrections-sans-faute.fr\/index.php\/wp-json\/wp\/v2\/pages\/16\/revisions"}],"predecessor-version":[{"id":743,"href":"https:\/\/cours-corrections-sans-faute.fr\/index.php\/wp-json\/wp\/v2\/pages\/16\/revisions\/743"}],"up":[{"embeddable":true,"href":"https:\/\/cours-corrections-sans-faute.fr\/index.php\/wp-json\/wp\/v2\/pages\/12"}],"wp:attachment":[{"href":"https:\/\/cours-corrections-sans-faute.fr\/index.php\/wp-json\/wp\/v2\/media?parent=16"}],"curies":[{"name":"wp","href":"https:\/\/api.w.org\/{rel}","templated":true}]}}