{"id":168,"date":"2019-11-23T14:20:12","date_gmt":"2019-11-23T13:20:12","guid":{"rendered":"https:\/\/cours-corrections-sans-faute.fr\/?page_id=168"},"modified":"2025-11-30T10:35:09","modified_gmt":"2025-11-30T09:35:09","slug":"mentions-legales","status":"publish","type":"page","link":"https:\/\/cours-corrections-sans-faute.fr\/index.php\/mentions-legales\/","title":{"rendered":"Mentions l\u00e9gales"},"content":{"rendered":"<p class=\"font_8\"><span class=\"color_15\"><em><img loading=\"lazy\" decoding=\"async\" class=\"wp-image-612 aligncenter\" src=\"https:\/\/cours-corrections-sans-faute.fr\/wp-content\/uploads\/2022\/11\/Logo-SF.png\" alt=\"Logo Sans-faute\" width=\"149\" height=\"149\" srcset=\"https:\/\/cours-corrections-sans-faute.fr\/wp-content\/uploads\/2022\/11\/Logo-SF.png 347w, https:\/\/cours-corrections-sans-faute.fr\/wp-content\/uploads\/2022\/11\/Logo-SF-300x300.png 300w, https:\/\/cours-corrections-sans-faute.fr\/wp-content\/uploads\/2022\/11\/Logo-SF-150x150.png 150w\" sizes=\"auto, (max-width: 149px) 100vw, 149px\" \/><\/em><\/span><\/p>\n<p class=\"font_8\"><span class=\"color_15\"><em>Sans-faute<\/em> est une micro entreprise repr\u00e9sent\u00e9e par :\u00a0<\/span><\/p>\n<p class=\"font_8\"><span class=\"color_15\">Anne-Laure Gruet<\/span><\/p>\n<p class=\"font_8\"><span class=\"color_15\">6, square d&rsquo;Ubaye<\/span><\/p>\n<p class=\"font_8\"><span class=\"color_15\">78 310 Maurepas<\/span><\/p>\n<p class=\"font_8\"><span class=\"color_15\">T\u00e9l. : 06 67 25 59 19 ou 09 53 33 49 70\u00a0<\/span><\/p>\n<p>Courriel : <a href=\"mailto:algruet@cours-corrections-sans-faute.fr\">algruet@cours-corrections-sans-faute.fr<\/a><\/p>\n<p>&nbsp;<\/p>\n<p>Entreprise inscrite au R\u00e9pertoire des Entreprises et des \u00c9tablissements<\/p>\n<p>Siret\u00a0: 844\u00a0998\u00a0732 00011<\/p>\n<p class=\"font_8\">En vertu de l&rsquo;article 293 B du Code g\u00e9n\u00e9ral des imp\u00f4ts, la T.V.A. n&rsquo;est pas applicable.<\/p>\n<p>&nbsp;<\/p>\n<p class=\"font_8\"><span class=\"color_15\"><strong>Site Internet<\/strong> : site WordPress<\/span><\/p>\n<ul>\n<li>Responsabilit\u00e9 et administration : Anne-Laure Gruet<\/li>\n<li>H\u00e9bergeur : SAS OVH<\/li>\n<\/ul>\n<p>2 rue Kellermann<br \/>\nBP 80157<br \/>\n59100 Roubaix<\/p>\n<p><strong>Dispositions en cas de litige : <\/strong><\/p>\n<p>Si vous n\u2019\u00eates pas parvenu \u00e0 r\u00e9soudre votre litige apr\u00e8s nous avoir adress\u00e9 une r\u00e9clamation \u00e9crite (courrier ou courriel), dat\u00e9e, rappelant les circonstances qui ont donn\u00e9 lieu au diff\u00e9rend et ce que vous r\u00e9clamez, vous pourrez saisir le m\u00e9diateur de la consommation, d\u00e9sign\u00e9 ci- dessous, si vous avez re\u00e7u une r\u00e9ponse \u00e9crite n\u00e9gative de notre part ou pas de r\u00e9ponse deux mois apr\u00e8s l\u2019envoi de votre r\u00e9clamation.<br \/>\n<strong>Conform\u00e9ment aux articles L.616-1 et R.616-1\u00a0<\/strong><br \/>\n<strong>du code de la consommation, notre soci\u00e9t\u00e9 a mis en place un dispositif de m\u00e9diation de la consommation. L&rsquo;entit\u00e9 de m\u00e9diation retenue est :<\/strong><\/p>\n<p><strong>MEDIATION CONSOMMATION D\u00c9VELOPPEMENT\/MED CONSO DEV<\/strong><\/p>\n<p><strong>En cas de litige, vous pouvez d\u00e9poser votre r\u00e9clamation sur son site : <\/strong><strong><a href=\"https:\/\/www.medconsodev.eu\">https:\/\/www.medconsodev.eu<\/a><\/strong><\/p>\n<p><strong>ou par voie postale en \u00e9crivant \u00e0 :<\/strong><\/p>\n<p><strong>MEDIATION CONSOMMATION D\u00c9VELOPPEMENT\/MED CONSO DEV<\/strong><br \/>\n<strong>Centre d\u2019Affaires St\u00e9phanois SAS\u00a0<\/strong><br \/>\n<strong>IMMEUBLE L\u2019HORIZON \u2013 ESPLANADE DE FRANCE<\/strong><br \/>\n<strong>3, RUE J. CONSTANT MILLERET \u2013 42000 SAINT-\u00c9TIENNE<\/strong><\/p>\n","protected":false},"excerpt":{"rendered":"<p>Sans-faute est une micro entreprise repr\u00e9sent\u00e9e par :\u00a0 Anne-Laure Gruet 6, square d&rsquo;Ubaye 78 310 Maurepas T\u00e9l. : 06 67 25 59 19 ou 09 53 33 49 70\u00a0 Courriel : algruet@cours-corrections-sans-faute.fr &nbsp; Entreprise inscrite au R\u00e9pertoire des Entreprises et des \u00c9tablissements Siret\u00a0: 844\u00a0998\u00a0732 00011 En vertu de l&rsquo;article 293 B du Code g\u00e9n\u00e9ral des &#8230; <a title=\"Mentions l\u00e9gales\" class=\"read-more\" href=\"https:\/\/cours-corrections-sans-faute.fr\/index.php\/mentions-legales\/\" aria-label=\"En savoir plus sur Mentions l\u00e9gales\">Lire la suite<\/a><\/p>\n","protected":false},"author":1,"featured_media":0,"parent":0,"menu_order":0,"comment_status":"closed","ping_status":"closed","template":"","meta":{"footnotes":""},"class_list":["post-168","page","type-page","status-publish"],"yoast_head":"<!-- This site is optimized with the Yoast SEO plugin v25.9 - https:\/\/yoast.com\/wordpress\/plugins\/seo\/ -->\n<title>Mentions l\u00e9gales de l&#039;entreprise Sans-faute Mentions l\u00e9gales - Sans-faute<\/title>\n<meta name=\"description\" content=\"Coordonn\u00e9es et mentions l\u00e9gales concernant l&#039;entreprise Sans-faute consacr\u00e9e \u00e0 la correction et la formation en fran\u00e7ais.\" \/>\n<meta name=\"robots\" content=\"index, follow, max-snippet:-1, max-image-preview:large, max-video-preview:-1\" \/>\n<link rel=\"canonical\" href=\"https:\/\/cours-corrections-sans-faute.fr\/index.php\/mentions-legales\/\" \/>\n<meta property=\"og:locale\" content=\"fr_FR\" \/>\n<meta property=\"og:type\" content=\"article\" \/>\n<meta property=\"og:title\" content=\"Mentions l\u00e9gales de l&#039;entreprise Sans-faute Mentions l\u00e9gales - Sans-faute\" \/>\n<meta property=\"og:description\" content=\"Coordonn\u00e9es et mentions l\u00e9gales concernant l&#039;entreprise Sans-faute consacr\u00e9e \u00e0 la correction et la formation en fran\u00e7ais.\" \/>\n<meta property=\"og:url\" content=\"https:\/\/cours-corrections-sans-faute.fr\/index.php\/mentions-legales\/\" \/>\n<meta property=\"og:site_name\" content=\"Sans-faute\" \/>\n<meta property=\"article:publisher\" content=\"https:\/\/www.facebook.com\/Sans.faute78\/\" \/>\n<meta property=\"article:modified_time\" content=\"2025-11-30T09:35:09+00:00\" \/>\n<meta property=\"og:image\" content=\"https:\/\/cours-corrections-sans-faute.fr\/wp-content\/uploads\/2022\/11\/Logo-SF.png\" \/>\n\t<meta property=\"og:image:width\" content=\"347\" \/>\n\t<meta property=\"og:image:height\" content=\"347\" \/>\n\t<meta property=\"og:image:type\" content=\"image\/png\" \/>\n<meta name=\"twitter:card\" content=\"summary_large_image\" \/>\n<meta name=\"twitter:label1\" content=\"Dur\u00e9e de lecture estim\u00e9e\" \/>\n\t<meta name=\"twitter:data1\" content=\"1 minute\" \/>\n<script type=\"application\/ld+json\" class=\"yoast-schema-graph\">{\"@context\":\"https:\/\/schema.org\",\"@graph\":[{\"@type\":\"WebPage\",\"@id\":\"https:\/\/cours-corrections-sans-faute.fr\/index.php\/mentions-legales\/\",\"url\":\"https:\/\/cours-corrections-sans-faute.fr\/index.php\/mentions-legales\/\",\"name\":\"Mentions l\u00e9gales de l'entreprise Sans-faute Mentions l\u00e9gales - Sans-faute\",\"isPartOf\":{\"@id\":\"https:\/\/cours-corrections-sans-faute.fr\/#website\"},\"primaryImageOfPage\":{\"@id\":\"https:\/\/cours-corrections-sans-faute.fr\/index.php\/mentions-legales\/#primaryimage\"},\"image\":{\"@id\":\"https:\/\/cours-corrections-sans-faute.fr\/index.php\/mentions-legales\/#primaryimage\"},\"thumbnailUrl\":\"https:\/\/cours-corrections-sans-faute.fr\/wp-content\/uploads\/2022\/11\/Logo-SF.png\",\"datePublished\":\"2019-11-23T13:20:12+00:00\",\"dateModified\":\"2025-11-30T09:35:09+00:00\",\"description\":\"Coordonn\u00e9es et mentions l\u00e9gales concernant l'entreprise Sans-faute consacr\u00e9e \u00e0 la correction et la formation en fran\u00e7ais.\",\"breadcrumb\":{\"@id\":\"https:\/\/cours-corrections-sans-faute.fr\/index.php\/mentions-legales\/#breadcrumb\"},\"inLanguage\":\"fr-FR\",\"potentialAction\":[{\"@type\":\"ReadAction\",\"target\":[\"https:\/\/cours-corrections-sans-faute.fr\/index.php\/mentions-legales\/\"]}]},{\"@type\":\"ImageObject\",\"inLanguage\":\"fr-FR\",\"@id\":\"https:\/\/cours-corrections-sans-faute.fr\/index.php\/mentions-legales\/#primaryimage\",\"url\":\"https:\/\/cours-corrections-sans-faute.fr\/wp-content\/uploads\/2022\/11\/Logo-SF.png\",\"contentUrl\":\"https:\/\/cours-corrections-sans-faute.fr\/wp-content\/uploads\/2022\/11\/Logo-SF.png\",\"width\":347,\"height\":347,\"caption\":\"Logo Sans-faute\"},{\"@type\":\"BreadcrumbList\",\"@id\":\"https:\/\/cours-corrections-sans-faute.fr\/index.php\/mentions-legales\/#breadcrumb\",\"itemListElement\":[{\"@type\":\"ListItem\",\"position\":1,\"name\":\"Accueil\",\"item\":\"https:\/\/cours-corrections-sans-faute.fr\/\"},{\"@type\":\"ListItem\",\"position\":2,\"name\":\"Mentions l\u00e9gales\"}]},{\"@type\":\"WebSite\",\"@id\":\"https:\/\/cours-corrections-sans-faute.fr\/#website\",\"url\":\"https:\/\/cours-corrections-sans-faute.fr\/\",\"name\":\"Sans-faute\",\"description\":\"Relecture et correction - Formation en orthographe\",\"publisher\":{\"@id\":\"https:\/\/cours-corrections-sans-faute.fr\/#organization\"},\"potentialAction\":[{\"@type\":\"SearchAction\",\"target\":{\"@type\":\"EntryPoint\",\"urlTemplate\":\"https:\/\/cours-corrections-sans-faute.fr\/?s={search_term_string}\"},\"query-input\":{\"@type\":\"PropertyValueSpecification\",\"valueRequired\":true,\"valueName\":\"search_term_string\"}}],\"inLanguage\":\"fr-FR\"},{\"@type\":\"Organization\",\"@id\":\"https:\/\/cours-corrections-sans-faute.fr\/#organization\",\"name\":\"Sans-faute\",\"url\":\"https:\/\/cours-corrections-sans-faute.fr\/\",\"logo\":{\"@type\":\"ImageObject\",\"inLanguage\":\"fr-FR\",\"@id\":\"https:\/\/cours-corrections-sans-faute.fr\/#\/schema\/logo\/image\/\",\"url\":\"https:\/\/cours-corrections-sans-faute.fr\/wp-content\/uploads\/2021\/02\/cropped-logo-correction-et-formation.png\",\"contentUrl\":\"https:\/\/cours-corrections-sans-faute.fr\/wp-content\/uploads\/2021\/02\/cropped-logo-correction-et-formation.png\",\"width\":500,\"height\":155,\"caption\":\"Sans-faute\"},\"image\":{\"@id\":\"https:\/\/cours-corrections-sans-faute.fr\/#\/schema\/logo\/image\/\"},\"sameAs\":[\"https:\/\/www.facebook.com\/Sans.faute78\/\",\"https:\/\/www.instagram.com\/sansfaute1\/\",\"https:\/\/www.linkedin.com\/in\/anne-laure-gruet-68209618b\/\"]}]}<\/script>\n<!-- \/ Yoast SEO plugin. -->","yoast_head_json":{"title":"Mentions l\u00e9gales de l'entreprise Sans-faute Mentions l\u00e9gales - Sans-faute","description":"Coordonn\u00e9es et mentions l\u00e9gales concernant l'entreprise Sans-faute consacr\u00e9e \u00e0 la correction et la formation en fran\u00e7ais.","robots":{"index":"index","follow":"follow","max-snippet":"max-snippet:-1","max-image-preview":"max-image-preview:large","max-video-preview":"max-video-preview:-1"},"canonical":"https:\/\/cours-corrections-sans-faute.fr\/index.php\/mentions-legales\/","og_locale":"fr_FR","og_type":"article","og_title":"Mentions l\u00e9gales de l'entreprise Sans-faute Mentions l\u00e9gales - Sans-faute","og_description":"Coordonn\u00e9es et mentions l\u00e9gales concernant l'entreprise Sans-faute consacr\u00e9e \u00e0 la correction et la formation en fran\u00e7ais.","og_url":"https:\/\/cours-corrections-sans-faute.fr\/index.php\/mentions-legales\/","og_site_name":"Sans-faute","article_publisher":"https:\/\/www.facebook.com\/Sans.faute78\/","article_modified_time":"2025-11-30T09:35:09+00:00","og_image":[{"width":347,"height":347,"url":"https:\/\/cours-corrections-sans-faute.fr\/wp-content\/uploads\/2022\/11\/Logo-SF.png","type":"image\/png"}],"twitter_card":"summary_large_image","twitter_misc":{"Dur\u00e9e de lecture estim\u00e9e":"1 minute"},"schema":{"@context":"https:\/\/schema.org","@graph":[{"@type":"WebPage","@id":"https:\/\/cours-corrections-sans-faute.fr\/index.php\/mentions-legales\/","url":"https:\/\/cours-corrections-sans-faute.fr\/index.php\/mentions-legales\/","name":"Mentions l\u00e9gales de l'entreprise Sans-faute Mentions l\u00e9gales - Sans-faute","isPartOf":{"@id":"https:\/\/cours-corrections-sans-faute.fr\/#website"},"primaryImageOfPage":{"@id":"https:\/\/cours-corrections-sans-faute.fr\/index.php\/mentions-legales\/#primaryimage"},"image":{"@id":"https:\/\/cours-corrections-sans-faute.fr\/index.php\/mentions-legales\/#primaryimage"},"thumbnailUrl":"https:\/\/cours-corrections-sans-faute.fr\/wp-content\/uploads\/2022\/11\/Logo-SF.png","datePublished":"2019-11-23T13:20:12+00:00","dateModified":"2025-11-30T09:35:09+00:00","description":"Coordonn\u00e9es et mentions l\u00e9gales concernant l'entreprise Sans-faute consacr\u00e9e \u00e0 la correction et la formation en fran\u00e7ais.","breadcrumb":{"@id":"https:\/\/cours-corrections-sans-faute.fr\/index.php\/mentions-legales\/#breadcrumb"},"inLanguage":"fr-FR","potentialAction":[{"@type":"ReadAction","target":["https:\/\/cours-corrections-sans-faute.fr\/index.php\/mentions-legales\/"]}]},{"@type":"ImageObject","inLanguage":"fr-FR","@id":"https:\/\/cours-corrections-sans-faute.fr\/index.php\/mentions-legales\/#primaryimage","url":"https:\/\/cours-corrections-sans-faute.fr\/wp-content\/uploads\/2022\/11\/Logo-SF.png","contentUrl":"https:\/\/cours-corrections-sans-faute.fr\/wp-content\/uploads\/2022\/11\/Logo-SF.png","width":347,"height":347,"caption":"Logo Sans-faute"},{"@type":"BreadcrumbList","@id":"https:\/\/cours-corrections-sans-faute.fr\/index.php\/mentions-legales\/#breadcrumb","itemListElement":[{"@type":"ListItem","position":1,"name":"Accueil","item":"https:\/\/cours-corrections-sans-faute.fr\/"},{"@type":"ListItem","position":2,"name":"Mentions l\u00e9gales"}]},{"@type":"WebSite","@id":"https:\/\/cours-corrections-sans-faute.fr\/#website","url":"https:\/\/cours-corrections-sans-faute.fr\/","name":"Sans-faute","description":"Relecture et correction - Formation en orthographe","publisher":{"@id":"https:\/\/cours-corrections-sans-faute.fr\/#organization"},"potentialAction":[{"@type":"SearchAction","target":{"@type":"EntryPoint","urlTemplate":"https:\/\/cours-corrections-sans-faute.fr\/?s={search_term_string}"},"query-input":{"@type":"PropertyValueSpecification","valueRequired":true,"valueName":"search_term_string"}}],"inLanguage":"fr-FR"},{"@type":"Organization","@id":"https:\/\/cours-corrections-sans-faute.fr\/#organization","name":"Sans-faute","url":"https:\/\/cours-corrections-sans-faute.fr\/","logo":{"@type":"ImageObject","inLanguage":"fr-FR","@id":"https:\/\/cours-corrections-sans-faute.fr\/#\/schema\/logo\/image\/","url":"https:\/\/cours-corrections-sans-faute.fr\/wp-content\/uploads\/2021\/02\/cropped-logo-correction-et-formation.png","contentUrl":"https:\/\/cours-corrections-sans-faute.fr\/wp-content\/uploads\/2021\/02\/cropped-logo-correction-et-formation.png","width":500,"height":155,"caption":"Sans-faute"},"image":{"@id":"https:\/\/cours-corrections-sans-faute.fr\/#\/schema\/logo\/image\/"},"sameAs":["https:\/\/www.facebook.com\/Sans.faute78\/","https:\/\/www.instagram.com\/sansfaute1\/","https:\/\/www.linkedin.com\/in\/anne-laure-gruet-68209618b\/"]}]}},"_links":{"self":[{"href":"https:\/\/cours-corrections-sans-faute.fr\/index.php\/wp-json\/wp\/v2\/pages\/168","targetHints":{"allow":["GET"]}}],"collection":[{"href":"https:\/\/cours-corrections-sans-faute.fr\/index.php\/wp-json\/wp\/v2\/pages"}],"about":[{"href":"https:\/\/cours-corrections-sans-faute.fr\/index.php\/wp-json\/wp\/v2\/types\/page"}],"author":[{"embeddable":true,"href":"https:\/\/cours-corrections-sans-faute.fr\/index.php\/wp-json\/wp\/v2\/users\/1"}],"replies":[{"embeddable":true,"href":"https:\/\/cours-corrections-sans-faute.fr\/index.php\/wp-json\/wp\/v2\/comments?post=168"}],"version-history":[{"count":5,"href":"https:\/\/cours-corrections-sans-faute.fr\/index.php\/wp-json\/wp\/v2\/pages\/168\/revisions"}],"predecessor-version":[{"id":946,"href":"https:\/\/cours-corrections-sans-faute.fr\/index.php\/wp-json\/wp\/v2\/pages\/168\/revisions\/946"}],"wp:attachment":[{"href":"https:\/\/cours-corrections-sans-faute.fr\/index.php\/wp-json\/wp\/v2\/media?parent=168"}],"curies":[{"name":"wp","href":"https:\/\/api.w.org\/{rel}","templated":true}]}}