{"id":20,"date":"2019-11-07T15:26:40","date_gmt":"2019-11-07T14:26:40","guid":{"rendered":"http:\/\/cours-corrections-sans-faute.fr\/?page_id=20"},"modified":"2024-09-01T14:29:25","modified_gmt":"2024-09-01T12:29:25","slug":"demande-de-devis","status":"publish","type":"page","link":"https:\/\/cours-corrections-sans-faute.fr\/index.php\/contact\/demande-de-devis\/","title":{"rendered":"Demande de devis"},"content":{"rendered":"<h1><strong>Demande de devis pour une correction de manuscrit ou pour des cours<\/strong><\/h1>\n<p><strong>Relecture et correction de manuscrit : <img loading=\"lazy\" decoding=\"async\" class=\"wp-image-381 alignright\" src=\"https:\/\/cours-corrections-sans-faute.fr\/wp-content\/uploads\/2021\/02\/3-Logo-Sans-Faute-Facebook-002.jpg\" alt=\"\" width=\"217\" height=\"217\" srcset=\"https:\/\/cours-corrections-sans-faute.fr\/wp-content\/uploads\/2021\/02\/3-Logo-Sans-Faute-Facebook-002.jpg 500w, https:\/\/cours-corrections-sans-faute.fr\/wp-content\/uploads\/2021\/02\/3-Logo-Sans-Faute-Facebook-002-300x300.jpg 300w, https:\/\/cours-corrections-sans-faute.fr\/wp-content\/uploads\/2021\/02\/3-Logo-Sans-Faute-Facebook-002-150x150.jpg 150w\" sizes=\"auto, (max-width: 217px) 100vw, 217px\" \/><\/strong><\/p>\n<p>Expliquez-moi votre projet :<\/p>\n<ul>\n<li>Type de document (roman, courrier, etc.)<\/li>\n<li>Sur papier ou sur \u00e9cran ?<\/li>\n<li>Y a-t-il d\u00e9j\u00e0 eu une correction ?<\/li>\n<li>Nombre de caract\u00e8res espaces comprises ?<\/li>\n<li>Avez-vous un d\u00e9lai \u00e0 respecter ?<\/li>\n<li>&#8230;<\/li>\n<\/ul>\n<p>(Vous pouvez trouver le nombre de caract\u00e8res espaces comprises en cliquant sur le nombre de mots en bas \u00e0 gauche de votre document Word par exemple).<\/p>\n<p>Pour tous les \u00e9crits longs (\u00e0 partir de 50 000 signes), <span style=\"color: #ff0000;\">joindre un extrait<\/span> est vivement recommand\u00e9 pour l&rsquo;\u00e9tablissement d&rsquo;un devis juste. Un extrait d&rsquo;environ 2 000 mots (12 000 caract\u00e8res espaces comprises*), en format Word, convient parfaitement.<\/p>\n<p>&nbsp;<\/p>\n<p><strong>Cours et formations :<\/strong><\/p>\n<p>Expliquez-moi votre objectif :<\/p>\n<ul>\n<li>Que souhaitez-vous revoir ?<\/li>\n<li>Combien d&rsquo;heures envisagez-vous ?<\/li>\n<li>\u00c0 quelle fr\u00e9quence ?<\/li>\n<li>Pour combien de personnes ?<\/li>\n<li>En pr\u00e9sentiel ou \u00e0 distance ?<\/li>\n<li>Avez-vous un examen, un concours, une certification \u00e0 passer ?<\/li>\n<li>&#8230;<\/li>\n<\/ul>\n<p>* En typographie, le mot <em>espace<\/em> est f\u00e9minin.<\/p>\n\n<div class=\"wpcf7 no-js\" id=\"wpcf7-f97-o1\" lang=\"fr-FR\" dir=\"ltr\" data-wpcf7-id=\"97\">\n<div class=\"screen-reader-response\"><p role=\"status\" aria-live=\"polite\" aria-atomic=\"true\"><\/p> <ul><\/ul><\/div>\n<form action=\"\/index.php\/wp-json\/wp\/v2\/pages\/20#wpcf7-f97-o1\" method=\"post\" class=\"wpcf7-form init\" aria-label=\"Formulaire de contact\" enctype=\"multipart\/form-data\" novalidate=\"novalidate\" data-status=\"init\">\n<fieldset class=\"hidden-fields-container\"><input type=\"hidden\" name=\"_wpcf7\" value=\"97\" \/><input type=\"hidden\" name=\"_wpcf7_version\" value=\"6.1.1\" \/><input type=\"hidden\" name=\"_wpcf7_locale\" value=\"fr_FR\" \/><input type=\"hidden\" name=\"_wpcf7_unit_tag\" value=\"wpcf7-f97-o1\" \/><input type=\"hidden\" name=\"_wpcf7_container_post\" value=\"0\" \/><input type=\"hidden\" name=\"_wpcf7_posted_data_hash\" value=\"\" \/>\n<\/fieldset>\n<p><label> Votre nom (obligatoire)<br \/>\n<span class=\"wpcf7-form-control-wrap\" data-name=\"your-name\"><input size=\"40\" maxlength=\"400\" class=\"wpcf7-form-control wpcf7-text wpcf7-validates-as-required\" aria-required=\"true\" aria-invalid=\"false\" value=\"\" type=\"text\" name=\"your-name\" \/><\/span> <\/label>\n<\/p>\n<p><label> Votre adresse de messagerie (obligatoire)<br \/>\n<span class=\"wpcf7-form-control-wrap\" data-name=\"your-email\"><input size=\"40\" maxlength=\"400\" class=\"wpcf7-form-control wpcf7-email wpcf7-validates-as-required wpcf7-text wpcf7-validates-as-email\" aria-required=\"true\" aria-invalid=\"false\" value=\"\" type=\"email\" name=\"your-email\" \/><\/span> <\/label>\n<\/p>\n<p><label> Objet<br \/>\n<span class=\"wpcf7-form-control-wrap\" data-name=\"your-subject\"><input size=\"40\" maxlength=\"400\" class=\"wpcf7-form-control wpcf7-text\" aria-invalid=\"false\" value=\"\" type=\"text\" name=\"your-subject\" \/><\/span> <\/label>\n<\/p>\n<p><label> Votre message<br \/>\n<span class=\"wpcf7-form-control-wrap\" data-name=\"your-message\"><textarea cols=\"40\" rows=\"10\" maxlength=\"2000\" class=\"wpcf7-form-control wpcf7-textarea\" aria-invalid=\"false\" name=\"your-message\"><\/textarea><\/span> <\/label>\n<\/p>\n<p><span class=\"wpcf7-form-control-wrap\" data-name=\"file-871\"><input size=\"40\" class=\"wpcf7-form-control wpcf7-file\" accept=\"audio\/*,video\/*,image\/*\" aria-invalid=\"false\" type=\"file\" name=\"file-871\" \/><\/span><br \/>\n<span class=\"wpcf7-form-control-wrap kc_captcha\" data-name=\"kc_captcha\"><span class=\"wpcf7-form-control wpcf7-radio\"><span class=\"captcha-image\" ><span class=\"cf7ic_instructions\">Veuillez prouver que vous \u00eates humain en s\u00e9lectionnant<span> l\u2019avion<\/span>.<\/span><label><input aria-label=\"1\" type=\"radio\" name=\"kc_captcha\" value=\"bot\" \/><svg aria-hidden=\"true\" role=\"img\" xmlns=\"http:\/\/www.w3.org\/2000\/svg\" viewBox=\"0 0 576 512\"><path fill=\"currentColor\" d=\"M415 24c-53 0-103 42-127 65-24-23-74-65-127-65C70 24 16 77 16 166c0 72 67 133 69 135l187 181c9 8 23 8 32 0l187-180c2-3 69-64 69-136 0-89-54-142-145-142z\"\/><\/svg><\/label><label><input aria-label=\"2\" type=\"radio\" name=\"kc_captcha\" value=\"bot\" \/><svg aria-hidden=\"true\" role=\"img\" xmlns=\"http:\/\/www.w3.org\/2000\/svg\" viewBox=\"0 0 640 512\"><path fill=\"currentColor\" d=\"M624 352h-16V244c0-13-5-25-14-34L494 110c-9-9-21-14-34-14h-44V48c0-26-21-48-48-48H48C22 0 0 22 0 48v320c0 27 22 48 48 48h16a96 96 0 00192 0h128a96 96 0 00192 0h48c9 0 16-7 16-16v-32c0-9-7-16-16-16zM160 464a48 48 0 110-96 48 48 0 010 96zm320 0a48 48 0 110-96 48 48 0 010 96zm80-208H416V144h44l100 100v12z\"\/><\/svg><\/label><label><input aria-label=\"3\" type=\"radio\" name=\"kc_captcha\" value=\"kc_human\" \/><svg aria-hidden=\"true\" role=\"img\" xmlns=\"http:\/\/www.w3.org\/2000\/svg\" viewBox=\"0 0 576 512\"><path fill=\"currentColor\" d=\"M472 200H360L256 6a12 12 0 00-10-6h-58c-8 0-14 7-12 15l34 185H100l-35-58a12 12 0 00-10-6H12c-8 0-13 7-12 14l21 106L0 362c-1 7 4 14 12 14h43c4 0 8-2 10-6l35-58h110l-34 185c-2 8 4 15 12 15h58a12 12 0 0010-6l104-194h112c57 0 104-25 104-56s-47-56-104-56z\"\/><\/svg><\/label>\r\n    <\/span>\r\n    <span style=\"display:none\">\r\n        <input type=\"text\" name=\"kc_honeypot\">\r\n    <\/span><\/span><\/span><br \/>\n<input class=\"wpcf7-form-control wpcf7-submit has-spinner\" type=\"submit\" value=\"Envoyer\" \/>\n<\/p><div class=\"wpcf7-response-output\" aria-hidden=\"true\"><\/div>\n<\/form>\n<\/div>\n\n<p>&nbsp;<\/p>\n","protected":false},"excerpt":{"rendered":"<p>Demande de devis pour une correction de manuscrit ou pour des cours Relecture et correction de manuscrit : Expliquez-moi votre projet : Type de document (roman, courrier, etc.) Sur papier ou sur \u00e9cran ? Y a-t-il d\u00e9j\u00e0 eu une correction ? Nombre de caract\u00e8res espaces comprises ? Avez-vous un d\u00e9lai \u00e0 respecter ? &#8230; (Vous &#8230; <a title=\"Demande de devis\" class=\"read-more\" href=\"https:\/\/cours-corrections-sans-faute.fr\/index.php\/contact\/demande-de-devis\/\" aria-label=\"En savoir plus sur Demande de devis\">Lire la suite<\/a><\/p>\n","protected":false},"author":1,"featured_media":0,"parent":18,"menu_order":10,"comment_status":"closed","ping_status":"closed","template":"","meta":{"footnotes":""},"class_list":["post-20","page","type-page","status-publish"],"yoast_head":"<!-- This site is optimized with the Yoast SEO plugin v25.9 - https:\/\/yoast.com\/wordpress\/plugins\/seo\/ -->\n<title>Demande de devis - Sans-faute<\/title>\n<meta name=\"description\" content=\"Demande de devis pour une correction de manuscrit ou des cours. Expliquez-moi votre projet, votre objectif.\" \/>\n<meta name=\"robots\" content=\"index, follow, max-snippet:-1, max-image-preview:large, max-video-preview:-1\" \/>\n<link rel=\"canonical\" href=\"https:\/\/cours-corrections-sans-faute.fr\/index.php\/contact\/demande-de-devis\/\" \/>\n<meta property=\"og:locale\" content=\"fr_FR\" \/>\n<meta property=\"og:type\" content=\"article\" \/>\n<meta property=\"og:title\" content=\"Demande de devis - Sans-faute\" \/>\n<meta property=\"og:description\" content=\"Demande de devis pour une correction de manuscrit ou des cours. Expliquez-moi votre projet, votre objectif.\" \/>\n<meta property=\"og:url\" content=\"https:\/\/cours-corrections-sans-faute.fr\/index.php\/contact\/demande-de-devis\/\" \/>\n<meta property=\"og:site_name\" content=\"Sans-faute\" \/>\n<meta property=\"article:publisher\" content=\"https:\/\/www.facebook.com\/Sans.faute78\/\" \/>\n<meta property=\"article:modified_time\" content=\"2024-09-01T12:29:25+00:00\" \/>\n<meta property=\"og:image\" content=\"https:\/\/cours-corrections-sans-faute.fr\/wp-content\/uploads\/2021\/02\/3-Logo-Sans-Faute-Facebook-002.jpg\" \/>\n<meta name=\"twitter:card\" content=\"summary_large_image\" \/>\n<meta name=\"twitter:label1\" content=\"Dur\u00e9e de lecture estim\u00e9e\" \/>\n\t<meta name=\"twitter:data1\" content=\"1 minute\" \/>\n<script type=\"application\/ld+json\" class=\"yoast-schema-graph\">{\"@context\":\"https:\/\/schema.org\",\"@graph\":[{\"@type\":\"WebPage\",\"@id\":\"https:\/\/cours-corrections-sans-faute.fr\/index.php\/contact\/demande-de-devis\/\",\"url\":\"https:\/\/cours-corrections-sans-faute.fr\/index.php\/contact\/demande-de-devis\/\",\"name\":\"Demande de devis - Sans-faute\",\"isPartOf\":{\"@id\":\"https:\/\/cours-corrections-sans-faute.fr\/#website\"},\"primaryImageOfPage\":{\"@id\":\"https:\/\/cours-corrections-sans-faute.fr\/index.php\/contact\/demande-de-devis\/#primaryimage\"},\"image\":{\"@id\":\"https:\/\/cours-corrections-sans-faute.fr\/index.php\/contact\/demande-de-devis\/#primaryimage\"},\"thumbnailUrl\":\"https:\/\/cours-corrections-sans-faute.fr\/wp-content\/uploads\/2021\/02\/3-Logo-Sans-Faute-Facebook-002.jpg\",\"datePublished\":\"2019-11-07T14:26:40+00:00\",\"dateModified\":\"2024-09-01T12:29:25+00:00\",\"description\":\"Demande de devis pour une correction de manuscrit ou des cours. Expliquez-moi votre projet, votre objectif.\",\"breadcrumb\":{\"@id\":\"https:\/\/cours-corrections-sans-faute.fr\/index.php\/contact\/demande-de-devis\/#breadcrumb\"},\"inLanguage\":\"fr-FR\",\"potentialAction\":[{\"@type\":\"ReadAction\",\"target\":[\"https:\/\/cours-corrections-sans-faute.fr\/index.php\/contact\/demande-de-devis\/\"]}]},{\"@type\":\"ImageObject\",\"inLanguage\":\"fr-FR\",\"@id\":\"https:\/\/cours-corrections-sans-faute.fr\/index.php\/contact\/demande-de-devis\/#primaryimage\",\"url\":\"https:\/\/cours-corrections-sans-faute.fr\/wp-content\/uploads\/2021\/02\/3-Logo-Sans-Faute-Facebook-002.jpg\",\"contentUrl\":\"https:\/\/cours-corrections-sans-faute.fr\/wp-content\/uploads\/2021\/02\/3-Logo-Sans-Faute-Facebook-002.jpg\",\"width\":500,\"height\":500},{\"@type\":\"BreadcrumbList\",\"@id\":\"https:\/\/cours-corrections-sans-faute.fr\/index.php\/contact\/demande-de-devis\/#breadcrumb\",\"itemListElement\":[{\"@type\":\"ListItem\",\"position\":1,\"name\":\"Accueil\",\"item\":\"https:\/\/cours-corrections-sans-faute.fr\/\"},{\"@type\":\"ListItem\",\"position\":2,\"name\":\"Contact\",\"item\":\"https:\/\/cours-corrections-sans-faute.fr\/index.php\/contact\/\"},{\"@type\":\"ListItem\",\"position\":3,\"name\":\"Demande de devis\"}]},{\"@type\":\"WebSite\",\"@id\":\"https:\/\/cours-corrections-sans-faute.fr\/#website\",\"url\":\"https:\/\/cours-corrections-sans-faute.fr\/\",\"name\":\"Sans-faute\",\"description\":\"Relecture et correction - Formation en orthographe\",\"publisher\":{\"@id\":\"https:\/\/cours-corrections-sans-faute.fr\/#organization\"},\"potentialAction\":[{\"@type\":\"SearchAction\",\"target\":{\"@type\":\"EntryPoint\",\"urlTemplate\":\"https:\/\/cours-corrections-sans-faute.fr\/?s={search_term_string}\"},\"query-input\":{\"@type\":\"PropertyValueSpecification\",\"valueRequired\":true,\"valueName\":\"search_term_string\"}}],\"inLanguage\":\"fr-FR\"},{\"@type\":\"Organization\",\"@id\":\"https:\/\/cours-corrections-sans-faute.fr\/#organization\",\"name\":\"Sans-faute\",\"url\":\"https:\/\/cours-corrections-sans-faute.fr\/\",\"logo\":{\"@type\":\"ImageObject\",\"inLanguage\":\"fr-FR\",\"@id\":\"https:\/\/cours-corrections-sans-faute.fr\/#\/schema\/logo\/image\/\",\"url\":\"https:\/\/cours-corrections-sans-faute.fr\/wp-content\/uploads\/2021\/02\/cropped-logo-correction-et-formation.png\",\"contentUrl\":\"https:\/\/cours-corrections-sans-faute.fr\/wp-content\/uploads\/2021\/02\/cropped-logo-correction-et-formation.png\",\"width\":500,\"height\":155,\"caption\":\"Sans-faute\"},\"image\":{\"@id\":\"https:\/\/cours-corrections-sans-faute.fr\/#\/schema\/logo\/image\/\"},\"sameAs\":[\"https:\/\/www.facebook.com\/Sans.faute78\/\",\"https:\/\/www.instagram.com\/sansfaute1\/\",\"https:\/\/www.linkedin.com\/in\/anne-laure-gruet-68209618b\/\"]}]}<\/script>\n<!-- \/ Yoast SEO plugin. -->","yoast_head_json":{"title":"Demande de devis - Sans-faute","description":"Demande de devis pour une correction de manuscrit ou des cours. Expliquez-moi votre projet, votre objectif.","robots":{"index":"index","follow":"follow","max-snippet":"max-snippet:-1","max-image-preview":"max-image-preview:large","max-video-preview":"max-video-preview:-1"},"canonical":"https:\/\/cours-corrections-sans-faute.fr\/index.php\/contact\/demande-de-devis\/","og_locale":"fr_FR","og_type":"article","og_title":"Demande de devis - Sans-faute","og_description":"Demande de devis pour une correction de manuscrit ou des cours. Expliquez-moi votre projet, votre objectif.","og_url":"https:\/\/cours-corrections-sans-faute.fr\/index.php\/contact\/demande-de-devis\/","og_site_name":"Sans-faute","article_publisher":"https:\/\/www.facebook.com\/Sans.faute78\/","article_modified_time":"2024-09-01T12:29:25+00:00","og_image":[{"url":"https:\/\/cours-corrections-sans-faute.fr\/wp-content\/uploads\/2021\/02\/3-Logo-Sans-Faute-Facebook-002.jpg","type":"","width":"","height":""}],"twitter_card":"summary_large_image","twitter_misc":{"Dur\u00e9e de lecture estim\u00e9e":"1 minute"},"schema":{"@context":"https:\/\/schema.org","@graph":[{"@type":"WebPage","@id":"https:\/\/cours-corrections-sans-faute.fr\/index.php\/contact\/demande-de-devis\/","url":"https:\/\/cours-corrections-sans-faute.fr\/index.php\/contact\/demande-de-devis\/","name":"Demande de devis - Sans-faute","isPartOf":{"@id":"https:\/\/cours-corrections-sans-faute.fr\/#website"},"primaryImageOfPage":{"@id":"https:\/\/cours-corrections-sans-faute.fr\/index.php\/contact\/demande-de-devis\/#primaryimage"},"image":{"@id":"https:\/\/cours-corrections-sans-faute.fr\/index.php\/contact\/demande-de-devis\/#primaryimage"},"thumbnailUrl":"https:\/\/cours-corrections-sans-faute.fr\/wp-content\/uploads\/2021\/02\/3-Logo-Sans-Faute-Facebook-002.jpg","datePublished":"2019-11-07T14:26:40+00:00","dateModified":"2024-09-01T12:29:25+00:00","description":"Demande de devis pour une correction de manuscrit ou des cours. Expliquez-moi votre projet, votre objectif.","breadcrumb":{"@id":"https:\/\/cours-corrections-sans-faute.fr\/index.php\/contact\/demande-de-devis\/#breadcrumb"},"inLanguage":"fr-FR","potentialAction":[{"@type":"ReadAction","target":["https:\/\/cours-corrections-sans-faute.fr\/index.php\/contact\/demande-de-devis\/"]}]},{"@type":"ImageObject","inLanguage":"fr-FR","@id":"https:\/\/cours-corrections-sans-faute.fr\/index.php\/contact\/demande-de-devis\/#primaryimage","url":"https:\/\/cours-corrections-sans-faute.fr\/wp-content\/uploads\/2021\/02\/3-Logo-Sans-Faute-Facebook-002.jpg","contentUrl":"https:\/\/cours-corrections-sans-faute.fr\/wp-content\/uploads\/2021\/02\/3-Logo-Sans-Faute-Facebook-002.jpg","width":500,"height":500},{"@type":"BreadcrumbList","@id":"https:\/\/cours-corrections-sans-faute.fr\/index.php\/contact\/demande-de-devis\/#breadcrumb","itemListElement":[{"@type":"ListItem","position":1,"name":"Accueil","item":"https:\/\/cours-corrections-sans-faute.fr\/"},{"@type":"ListItem","position":2,"name":"Contact","item":"https:\/\/cours-corrections-sans-faute.fr\/index.php\/contact\/"},{"@type":"ListItem","position":3,"name":"Demande de devis"}]},{"@type":"WebSite","@id":"https:\/\/cours-corrections-sans-faute.fr\/#website","url":"https:\/\/cours-corrections-sans-faute.fr\/","name":"Sans-faute","description":"Relecture et correction - Formation en orthographe","publisher":{"@id":"https:\/\/cours-corrections-sans-faute.fr\/#organization"},"potentialAction":[{"@type":"SearchAction","target":{"@type":"EntryPoint","urlTemplate":"https:\/\/cours-corrections-sans-faute.fr\/?s={search_term_string}"},"query-input":{"@type":"PropertyValueSpecification","valueRequired":true,"valueName":"search_term_string"}}],"inLanguage":"fr-FR"},{"@type":"Organization","@id":"https:\/\/cours-corrections-sans-faute.fr\/#organization","name":"Sans-faute","url":"https:\/\/cours-corrections-sans-faute.fr\/","logo":{"@type":"ImageObject","inLanguage":"fr-FR","@id":"https:\/\/cours-corrections-sans-faute.fr\/#\/schema\/logo\/image\/","url":"https:\/\/cours-corrections-sans-faute.fr\/wp-content\/uploads\/2021\/02\/cropped-logo-correction-et-formation.png","contentUrl":"https:\/\/cours-corrections-sans-faute.fr\/wp-content\/uploads\/2021\/02\/cropped-logo-correction-et-formation.png","width":500,"height":155,"caption":"Sans-faute"},"image":{"@id":"https:\/\/cours-corrections-sans-faute.fr\/#\/schema\/logo\/image\/"},"sameAs":["https:\/\/www.facebook.com\/Sans.faute78\/","https:\/\/www.instagram.com\/sansfaute1\/","https:\/\/www.linkedin.com\/in\/anne-laure-gruet-68209618b\/"]}]}},"_links":{"self":[{"href":"https:\/\/cours-corrections-sans-faute.fr\/index.php\/wp-json\/wp\/v2\/pages\/20","targetHints":{"allow":["GET"]}}],"collection":[{"href":"https:\/\/cours-corrections-sans-faute.fr\/index.php\/wp-json\/wp\/v2\/pages"}],"about":[{"href":"https:\/\/cours-corrections-sans-faute.fr\/index.php\/wp-json\/wp\/v2\/types\/page"}],"author":[{"embeddable":true,"href":"https:\/\/cours-corrections-sans-faute.fr\/index.php\/wp-json\/wp\/v2\/users\/1"}],"replies":[{"embeddable":true,"href":"https:\/\/cours-corrections-sans-faute.fr\/index.php\/wp-json\/wp\/v2\/comments?post=20"}],"version-history":[{"count":21,"href":"https:\/\/cours-corrections-sans-faute.fr\/index.php\/wp-json\/wp\/v2\/pages\/20\/revisions"}],"predecessor-version":[{"id":862,"href":"https:\/\/cours-corrections-sans-faute.fr\/index.php\/wp-json\/wp\/v2\/pages\/20\/revisions\/862"}],"up":[{"embeddable":true,"href":"https:\/\/cours-corrections-sans-faute.fr\/index.php\/wp-json\/wp\/v2\/pages\/18"}],"wp:attachment":[{"href":"https:\/\/cours-corrections-sans-faute.fr\/index.php\/wp-json\/wp\/v2\/media?parent=20"}],"curies":[{"name":"wp","href":"https:\/\/api.w.org\/{rel}","templated":true}]}}