{"id":345,"date":"2020-11-08T18:05:33","date_gmt":"2020-11-08T17:05:33","guid":{"rendered":"https:\/\/cours-corrections-sans-faute.fr\/?page_id=345"},"modified":"2024-09-01T14:23:44","modified_gmt":"2024-09-01T12:23:44","slug":"reservez-un-cours-a-distance","status":"publish","type":"page","link":"https:\/\/cours-corrections-sans-faute.fr\/index.php\/cours-et-formation\/reservez-un-cours-a-distance\/","title":{"rendered":"R\u00e9servez un cours \u00e0 distance"},"content":{"rendered":"<h1 style=\"text-align: center;\"><strong>Cours personnalis\u00e9s \u00e0 distance <img loading=\"lazy\" decoding=\"async\" class=\"wp-image-346 alignright\" src=\"https:\/\/cours-corrections-sans-faute.fr\/wp-content\/uploads\/2020\/11\/Image1.jpg\" alt=\"\" width=\"275\" height=\"183\" srcset=\"https:\/\/cours-corrections-sans-faute.fr\/wp-content\/uploads\/2020\/11\/Image1.jpg 469w, https:\/\/cours-corrections-sans-faute.fr\/wp-content\/uploads\/2020\/11\/Image1-300x200.jpg 300w\" sizes=\"auto, (max-width: 275px) 100vw, 275px\" \/> \u00a0<\/strong><\/h1>\n<p style=\"text-align: center;\"><span style=\"color: #ff0000;\"><em><span style=\"color: #3028c9;\">R\u00e9servez un ou plusieurs cours\u2009!<\/span><\/em><\/span><\/p>\n<h3><span style=\"color: #ff0000;\"><em>Vous en avez assez de toujours buter sur le m\u00eame type de difficult\u00e9\u2009?<\/em><\/span><\/h3>\n<p>Vous voulez revoir des points sp\u00e9cifiques\u2009?<\/p>\n<h2><em><span style=\"color: #3028c9;\">Pour r\u00e9server, c&rsquo;est ici :\u00a0<a href=\"https:\/\/cours-corrections-sans-faute.fr\/index.php\/contact\/\" target=\"_blank\" rel=\"noopener noreferrer\">Contact<\/a><\/span><\/em><\/h2>\n<ul>\n<li>\u00a0<span style=\"color: #3028c9;\">45 \u20ac<\/span> l\u2019heure de cours,<\/li>\n<li><span style=\"color: #3028c9;\">205 \u20ac<\/span> les cinq cours r\u00e9serv\u00e9s.<\/li>\n<li>Envie ou besoin de tout revoir\u2009? Profitez d\u2019un cours gratuit en r\u00e9servant les 10 sujets de la liste (modifiable) pour 405<span style=\"color: #3028c9;\">\u00a0\u20ac<\/span> au lieu de <span style=\"color: #3028c9;\">450 \u20ac<\/span>\u2009!<\/li>\n<\/ul>\n<p>Vous b\u00e9n\u00e9ficiez d&rsquo;une d\u00e9duction fiscale (ou d&rsquo;un cr\u00e9dit d&rsquo;imp\u00f4t) de 50 % des sommes vers\u00e9es si les cours ont lieu \u00e0 votre domicile.<\/p>\n<p>Formation <strong>individuelle \u00e0 distance<\/strong> ou \u00e0 domicile (voir conditions sur <a href=\"https:\/\/cours-corrections-sans-faute.fr\/index.php\/cours-et-formation\/cours-particuliers\/\" target=\"_blank\" rel=\"noopener\">la page Particuliers<\/a>) sur un <strong>sujet au choix<\/strong> parmi une liste ou selon votre besoin\u00a0: vous pouvez formuler le point que vous aimeriez revoir ou le sujet sur lequel vous aimeriez en savoir plus ou bien choisir le th\u00e8me dans la liste suivante.<\/p>\n<p><img loading=\"lazy\" decoding=\"async\" class=\"wp-image-400 aligncenter\" src=\"https:\/\/cours-corrections-sans-faute.fr\/wp-content\/uploads\/2021\/02\/flash-cours3.jpg\" alt=\"\" width=\"415\" height=\"178\" srcset=\"https:\/\/cours-corrections-sans-faute.fr\/wp-content\/uploads\/2021\/02\/flash-cours3.jpg 751w, https:\/\/cours-corrections-sans-faute.fr\/wp-content\/uploads\/2021\/02\/flash-cours3-300x129.jpg 300w\" sizes=\"auto, (max-width: 415px) 100vw, 415px\" \/><\/p>\n<p><em><span style=\"color: #3028c9;\"><strong>Sujets propos\u00e9s<\/strong><\/span><span style=\"color: #3028c9;\"> (cours d&rsquo;une heure) :<\/span><\/em><\/p>\n<ul>\n<li>La conjugaison (les verbes fr\u00e9quents \u00e0 difficult\u00e9s au pr\u00e9sent, ou r\u00e9visions d\u2019autres temps, \u00e9viter les confusions)\u2009;<\/li>\n<li>Le pluriel des noms compos\u00e9s\u2009;<\/li>\n<li>Le C.O.D. et le C.O.I.<\/li>\n<li>Les accords du participe pass\u00e9 (n\u00e9cessite une r\u00e9vision du C.O.D. et du C.O.I. avant)\u2009;<\/li>\n<li>\u00ab\u00a0\u00e9\u00a0\u00bb, \u00ab\u00a0er\u00a0\u00bb ou \u00ab\u00a0ez\u00a0\u00bb\u2009;<\/li>\n<li>Les nombres et\/ou les couleurs\u2009;<\/li>\n<li>Les homophones grammaticaux\u00a0: es\/est\/ai\/aie\/ait\u2026, son\/sont, c\u2019est\/s\u2019est\/sais\/sait, travail\/travaille\u2009; envoi\/envoie, etc.\u00a0;<\/li>\n<li>Lexique : ces mots qu\u2019on emploie mal (anglicismes, barbarismes, pl\u00e9onasmes, + \u00ab alternative \u00bb, \u00ab cons\u00e9quent \u00bb, \u00ab opportunit\u00e9 \u00bb, \u00ab d\u00e9di\u00e9 \u00bb, \u00ab impacter \u00bb, etc.)\u2009;<\/li>\n<li>Les abr\u00e9viations courantes (1re, 2e, 2d, etc., M., unit\u00e9s de mesure, etc.)\u2009;<\/li>\n<li>Typographie : abr\u00e9viations, espaces, usages des capitales, usages des guillemets et de l&rsquo;italique\u2009;<\/li>\n<li>Votre sujet, votre b\u00eate noire\u2009!!!<\/li>\n<\/ul>\n<p><strong><span style=\"color: #ff0000;\">Et pour une pr\u00e9paration au Certificat Voltaire je propose un programme d&rsquo;accompagnement sp\u00e9cifique : <a href=\"https:\/\/cours-corrections-sans-faute.fr\/index.php\/cours-et-formation\/preparation-au-certificat-voltaire\/\" target=\"_blank\" rel=\"noopener\"><span style=\"color: #000000;\">voir les d\u00e9tails.<\/span><\/a><\/span><\/strong><\/p>\n<h2><img loading=\"lazy\" decoding=\"async\" class=\"wp-image-347 aligncenter\" src=\"https:\/\/cours-corrections-sans-faute.fr\/wp-content\/uploads\/2020\/11\/Image2.jpg\" alt=\"\" width=\"234\" height=\"156\" srcset=\"https:\/\/cours-corrections-sans-faute.fr\/wp-content\/uploads\/2020\/11\/Image2.jpg 494w, https:\/\/cours-corrections-sans-faute.fr\/wp-content\/uploads\/2020\/11\/Image2-300x200.jpg 300w\" sizes=\"auto, (max-width: 234px) 100vw, 234px\" \/><\/h2>\n<h2><span style=\"color: #0000ff;\">R\u00e9servez un cours maintenant !<\/span><a href=\"https:\/\/cours-corrections-sans-faute.fr\/index.php\/contact\/\" target=\"_blank\" rel=\"noopener noreferrer\"><br \/>\n<img loading=\"lazy\" decoding=\"async\" class=\"size-full wp-image-391 aligncenter\" src=\"https:\/\/cours-corrections-sans-faute.fr\/wp-content\/uploads\/2021\/02\/bouton-inscription.jpg\" alt=\"\" width=\"228\" height=\"86\" \/><\/a><\/h2>\n<p>Les cours sont constitu\u00e9s d\u2019une pr\u00e9sentation th\u00e9orique, s\u2019appuient sur <span style=\"color: #ff0000;\">vos exemples, vos points de difficult\u00e9<\/span>, et comportent des exercices ou des activit\u00e9s ludiques d\u2019entra\u00eenement, de r\u00e9flexion et d\u2019automatisation. Si tel est votre besoin, ils peuvent conduire \u00e0 la <span style=\"color: #ff0000;\">construction d\u2019un outil de r\u00e9f\u00e9rence<\/span>.<\/p>\n<p><img loading=\"lazy\" decoding=\"async\" class=\"alignnone wp-image-396\" src=\"https:\/\/cours-corrections-sans-faute.fr\/wp-content\/uploads\/2021\/02\/flash-cours1.jpg\" alt=\"\" width=\"363\" height=\"146\" srcset=\"https:\/\/cours-corrections-sans-faute.fr\/wp-content\/uploads\/2021\/02\/flash-cours1.jpg 751w, https:\/\/cours-corrections-sans-faute.fr\/wp-content\/uploads\/2021\/02\/flash-cours1-300x121.jpg 300w\" sizes=\"auto, (max-width: 363px) 100vw, 363px\" \/>\u00a0 sont mes ma\u00eetres mots\u2009! Pas de honte, pas de culpabilit\u00e9, la langue fran\u00e7aise est difficile, ses r\u00e8gles et exceptions sont nombreuses, il est normal d\u2019avoir besoin de les revoir. Qui d\u2019entre nous aurait \u00e0 nouveau son permis de conduire sans r\u00e9viser, \u00e0 part les moniteurs d\u2019auto-\u00e9cole\u2009? Nous ferions certainement trop d\u2019erreurs et pourtant nous conduisons r\u00e9guli\u00e8rement. Il en est de m\u00eame pour l\u2019orthographe, sans entra\u00eenement, on oublie et on perd des r\u00e9flexes\u2009!<\/p>\n<p>Le jour, le moment, la dur\u00e9e des sessions et la plateforme de communication de la formation (pour les cours \u00e0 distance) seront fix\u00e9s ensemble, <span style=\"color: #ff0000;\">au rythme qui vous convient<\/span> si vous choisissez plusieurs sujets.<\/p>\n<p><img loading=\"lazy\" decoding=\"async\" class=\"wp-image-397 aligncenter\" src=\"https:\/\/cours-corrections-sans-faute.fr\/wp-content\/uploads\/2021\/02\/flash-cours2.jpg\" alt=\"\" width=\"484\" height=\"196\" srcset=\"https:\/\/cours-corrections-sans-faute.fr\/wp-content\/uploads\/2021\/02\/flash-cours2.jpg 762w, https:\/\/cours-corrections-sans-faute.fr\/wp-content\/uploads\/2021\/02\/flash-cours2-300x122.jpg 300w\" sizes=\"auto, (max-width: 484px) 100vw, 484px\" \/><\/p>\n<hr \/>\n<p>Pour r\u00e9server un plusieurs cours, contactez-nous en utilisant le formulaire de <a href=\"https:\/\/cours-corrections-sans-faute.fr\/index.php\/contact\/\">contact,<\/a> ou bien par courriel \u00e0 <a href=\"mailto:algruet@cours-corrections-sans-faute.fr\">algruet@cours-corrections-sans-faute.fr,<\/a> ou encore par t\u00e9l\u00e9phone au <span style=\"color: #3028c9;\">06\u00a067\u00a025\u00a059\u00a019<\/span>.<\/p>\n<p>Tarifs et contenus adaptables pour des cours en pr\u00e9sentiel ou en groupe.<\/p>\n<p><img loading=\"lazy\" decoding=\"async\" class=\"wp-image-348 aligncenter\" src=\"https:\/\/cours-corrections-sans-faute.fr\/wp-content\/uploads\/2020\/11\/Image3.jpg\" alt=\"\" width=\"363\" height=\"242\" srcset=\"https:\/\/cours-corrections-sans-faute.fr\/wp-content\/uploads\/2020\/11\/Image3.jpg 730w, https:\/\/cours-corrections-sans-faute.fr\/wp-content\/uploads\/2020\/11\/Image3-300x200.jpg 300w\" sizes=\"auto, (max-width: 363px) 100vw, 363px\" \/><\/p>\n<p>&nbsp;<\/p>\n<p>En attendant, souhaitez-vous jouer \u00e0 chercher des erreurs dans des phrases chaque semaine ? Abonnez-vous \u00e0 <a href=\"https:\/\/www.facebook.com\/Sans.faute78\" target=\"_blank\" rel=\"noopener\">ma page Facebook<\/a> pour retrouver, chaque jeudi, le jeu \u00ab Trouvez l&rsquo;erreur ! \u00bb et le mardi d&rsquo;autres astuces, infos, partages sur la langue fran\u00e7aise et ses difficult\u00e9s.<\/p>\n","protected":false},"excerpt":{"rendered":"<p>Cours personnalis\u00e9s \u00e0 distance \u00a0 R\u00e9servez un ou plusieurs cours\u2009! Vous en avez assez de toujours buter sur le m\u00eame type de difficult\u00e9\u2009? Vous voulez revoir des points sp\u00e9cifiques\u2009? Pour r\u00e9server, c&rsquo;est ici :\u00a0Contact \u00a045 \u20ac l\u2019heure de cours, 205 \u20ac les cinq cours r\u00e9serv\u00e9s. Envie ou besoin de tout revoir\u2009? Profitez d\u2019un cours gratuit &#8230; <a title=\"R\u00e9servez un cours \u00e0 distance\" class=\"read-more\" href=\"https:\/\/cours-corrections-sans-faute.fr\/index.php\/cours-et-formation\/reservez-un-cours-a-distance\/\" aria-label=\"En savoir plus sur R\u00e9servez un cours \u00e0 distance\">Lire la suite<\/a><\/p>\n","protected":false},"author":1,"featured_media":0,"parent":12,"menu_order":20,"comment_status":"closed","ping_status":"closed","template":"","meta":{"footnotes":""},"class_list":["post-345","page","type-page","status-publish"],"yoast_head":"<!-- This site is optimized with the Yoast SEO plugin v25.9 - https:\/\/yoast.com\/wordpress\/plugins\/seo\/ -->\n<title>R\u00e9servez un cours \u00e0 distance - Sans-faute<\/title>\n<meta name=\"description\" content=\"Un ou plusieurs points pr\u00e9cis de la langue vous font obstacle ? R\u00e9servez un cours pour r\u00e9viser ou approfondir ensemble !\" \/>\n<meta name=\"robots\" content=\"index, follow, max-snippet:-1, max-image-preview:large, max-video-preview:-1\" \/>\n<link rel=\"canonical\" href=\"https:\/\/cours-corrections-sans-faute.fr\/index.php\/cours-et-formation\/reservez-un-cours-a-distance\/\" \/>\n<meta property=\"og:locale\" content=\"fr_FR\" \/>\n<meta property=\"og:type\" content=\"article\" \/>\n<meta property=\"og:title\" content=\"R\u00e9servez un cours \u00e0 distance - Sans-faute\" \/>\n<meta property=\"og:description\" content=\"Un ou plusieurs points pr\u00e9cis de la langue vous font obstacle ? R\u00e9servez un cours pour r\u00e9viser ou approfondir ensemble !\" \/>\n<meta property=\"og:url\" content=\"https:\/\/cours-corrections-sans-faute.fr\/index.php\/cours-et-formation\/reservez-un-cours-a-distance\/\" \/>\n<meta property=\"og:site_name\" content=\"Sans-faute\" \/>\n<meta property=\"article:publisher\" content=\"https:\/\/www.facebook.com\/Sans.faute78\/\" \/>\n<meta property=\"article:modified_time\" content=\"2024-09-01T12:23:44+00:00\" \/>\n<meta property=\"og:image\" content=\"https:\/\/cours-corrections-sans-faute.fr\/wp-content\/uploads\/2020\/11\/Image1.jpg\" \/>\n<meta name=\"twitter:card\" content=\"summary_large_image\" \/>\n<meta name=\"twitter:label1\" content=\"Dur\u00e9e de lecture estim\u00e9e\" \/>\n\t<meta name=\"twitter:data1\" content=\"4 minutes\" \/>\n<script type=\"application\/ld+json\" class=\"yoast-schema-graph\">{\"@context\":\"https:\/\/schema.org\",\"@graph\":[{\"@type\":\"WebPage\",\"@id\":\"https:\/\/cours-corrections-sans-faute.fr\/index.php\/cours-et-formation\/reservez-un-cours-a-distance\/\",\"url\":\"https:\/\/cours-corrections-sans-faute.fr\/index.php\/cours-et-formation\/reservez-un-cours-a-distance\/\",\"name\":\"R\u00e9servez un cours \u00e0 distance - Sans-faute\",\"isPartOf\":{\"@id\":\"https:\/\/cours-corrections-sans-faute.fr\/#website\"},\"primaryImageOfPage\":{\"@id\":\"https:\/\/cours-corrections-sans-faute.fr\/index.php\/cours-et-formation\/reservez-un-cours-a-distance\/#primaryimage\"},\"image\":{\"@id\":\"https:\/\/cours-corrections-sans-faute.fr\/index.php\/cours-et-formation\/reservez-un-cours-a-distance\/#primaryimage\"},\"thumbnailUrl\":\"https:\/\/cours-corrections-sans-faute.fr\/wp-content\/uploads\/2020\/11\/Image1.jpg\",\"datePublished\":\"2020-11-08T17:05:33+00:00\",\"dateModified\":\"2024-09-01T12:23:44+00:00\",\"description\":\"Un ou plusieurs points pr\u00e9cis de la langue vous font obstacle ? R\u00e9servez un cours pour r\u00e9viser ou approfondir ensemble !\",\"breadcrumb\":{\"@id\":\"https:\/\/cours-corrections-sans-faute.fr\/index.php\/cours-et-formation\/reservez-un-cours-a-distance\/#breadcrumb\"},\"inLanguage\":\"fr-FR\",\"potentialAction\":[{\"@type\":\"ReadAction\",\"target\":[\"https:\/\/cours-corrections-sans-faute.fr\/index.php\/cours-et-formation\/reservez-un-cours-a-distance\/\"]}]},{\"@type\":\"ImageObject\",\"inLanguage\":\"fr-FR\",\"@id\":\"https:\/\/cours-corrections-sans-faute.fr\/index.php\/cours-et-formation\/reservez-un-cours-a-distance\/#primaryimage\",\"url\":\"https:\/\/cours-corrections-sans-faute.fr\/wp-content\/uploads\/2020\/11\/Image1.jpg\",\"contentUrl\":\"https:\/\/cours-corrections-sans-faute.fr\/wp-content\/uploads\/2020\/11\/Image1.jpg\",\"width\":469,\"height\":313},{\"@type\":\"BreadcrumbList\",\"@id\":\"https:\/\/cours-corrections-sans-faute.fr\/index.php\/cours-et-formation\/reservez-un-cours-a-distance\/#breadcrumb\",\"itemListElement\":[{\"@type\":\"ListItem\",\"position\":1,\"name\":\"Accueil\",\"item\":\"https:\/\/cours-corrections-sans-faute.fr\/\"},{\"@type\":\"ListItem\",\"position\":2,\"name\":\"Cours et formations\",\"item\":\"https:\/\/cours-corrections-sans-faute.fr\/index.php\/cours-et-formation\/\"},{\"@type\":\"ListItem\",\"position\":3,\"name\":\"R\u00e9servez un cours \u00e0 distance\"}]},{\"@type\":\"WebSite\",\"@id\":\"https:\/\/cours-corrections-sans-faute.fr\/#website\",\"url\":\"https:\/\/cours-corrections-sans-faute.fr\/\",\"name\":\"Sans-faute\",\"description\":\"Relecture et correction - Formation en orthographe\",\"publisher\":{\"@id\":\"https:\/\/cours-corrections-sans-faute.fr\/#organization\"},\"potentialAction\":[{\"@type\":\"SearchAction\",\"target\":{\"@type\":\"EntryPoint\",\"urlTemplate\":\"https:\/\/cours-corrections-sans-faute.fr\/?s={search_term_string}\"},\"query-input\":{\"@type\":\"PropertyValueSpecification\",\"valueRequired\":true,\"valueName\":\"search_term_string\"}}],\"inLanguage\":\"fr-FR\"},{\"@type\":\"Organization\",\"@id\":\"https:\/\/cours-corrections-sans-faute.fr\/#organization\",\"name\":\"Sans-faute\",\"url\":\"https:\/\/cours-corrections-sans-faute.fr\/\",\"logo\":{\"@type\":\"ImageObject\",\"inLanguage\":\"fr-FR\",\"@id\":\"https:\/\/cours-corrections-sans-faute.fr\/#\/schema\/logo\/image\/\",\"url\":\"https:\/\/cours-corrections-sans-faute.fr\/wp-content\/uploads\/2021\/02\/cropped-logo-correction-et-formation.png\",\"contentUrl\":\"https:\/\/cours-corrections-sans-faute.fr\/wp-content\/uploads\/2021\/02\/cropped-logo-correction-et-formation.png\",\"width\":500,\"height\":155,\"caption\":\"Sans-faute\"},\"image\":{\"@id\":\"https:\/\/cours-corrections-sans-faute.fr\/#\/schema\/logo\/image\/\"},\"sameAs\":[\"https:\/\/www.facebook.com\/Sans.faute78\/\",\"https:\/\/www.instagram.com\/sansfaute1\/\",\"https:\/\/www.linkedin.com\/in\/anne-laure-gruet-68209618b\/\"]}]}<\/script>\n<!-- \/ Yoast SEO plugin. -->","yoast_head_json":{"title":"R\u00e9servez un cours \u00e0 distance - Sans-faute","description":"Un ou plusieurs points pr\u00e9cis de la langue vous font obstacle ? R\u00e9servez un cours pour r\u00e9viser ou approfondir ensemble !","robots":{"index":"index","follow":"follow","max-snippet":"max-snippet:-1","max-image-preview":"max-image-preview:large","max-video-preview":"max-video-preview:-1"},"canonical":"https:\/\/cours-corrections-sans-faute.fr\/index.php\/cours-et-formation\/reservez-un-cours-a-distance\/","og_locale":"fr_FR","og_type":"article","og_title":"R\u00e9servez un cours \u00e0 distance - Sans-faute","og_description":"Un ou plusieurs points pr\u00e9cis de la langue vous font obstacle ? R\u00e9servez un cours pour r\u00e9viser ou approfondir ensemble !","og_url":"https:\/\/cours-corrections-sans-faute.fr\/index.php\/cours-et-formation\/reservez-un-cours-a-distance\/","og_site_name":"Sans-faute","article_publisher":"https:\/\/www.facebook.com\/Sans.faute78\/","article_modified_time":"2024-09-01T12:23:44+00:00","og_image":[{"url":"https:\/\/cours-corrections-sans-faute.fr\/wp-content\/uploads\/2020\/11\/Image1.jpg","type":"","width":"","height":""}],"twitter_card":"summary_large_image","twitter_misc":{"Dur\u00e9e de lecture estim\u00e9e":"4 minutes"},"schema":{"@context":"https:\/\/schema.org","@graph":[{"@type":"WebPage","@id":"https:\/\/cours-corrections-sans-faute.fr\/index.php\/cours-et-formation\/reservez-un-cours-a-distance\/","url":"https:\/\/cours-corrections-sans-faute.fr\/index.php\/cours-et-formation\/reservez-un-cours-a-distance\/","name":"R\u00e9servez un cours \u00e0 distance - Sans-faute","isPartOf":{"@id":"https:\/\/cours-corrections-sans-faute.fr\/#website"},"primaryImageOfPage":{"@id":"https:\/\/cours-corrections-sans-faute.fr\/index.php\/cours-et-formation\/reservez-un-cours-a-distance\/#primaryimage"},"image":{"@id":"https:\/\/cours-corrections-sans-faute.fr\/index.php\/cours-et-formation\/reservez-un-cours-a-distance\/#primaryimage"},"thumbnailUrl":"https:\/\/cours-corrections-sans-faute.fr\/wp-content\/uploads\/2020\/11\/Image1.jpg","datePublished":"2020-11-08T17:05:33+00:00","dateModified":"2024-09-01T12:23:44+00:00","description":"Un ou plusieurs points pr\u00e9cis de la langue vous font obstacle ? R\u00e9servez un cours pour r\u00e9viser ou approfondir ensemble !","breadcrumb":{"@id":"https:\/\/cours-corrections-sans-faute.fr\/index.php\/cours-et-formation\/reservez-un-cours-a-distance\/#breadcrumb"},"inLanguage":"fr-FR","potentialAction":[{"@type":"ReadAction","target":["https:\/\/cours-corrections-sans-faute.fr\/index.php\/cours-et-formation\/reservez-un-cours-a-distance\/"]}]},{"@type":"ImageObject","inLanguage":"fr-FR","@id":"https:\/\/cours-corrections-sans-faute.fr\/index.php\/cours-et-formation\/reservez-un-cours-a-distance\/#primaryimage","url":"https:\/\/cours-corrections-sans-faute.fr\/wp-content\/uploads\/2020\/11\/Image1.jpg","contentUrl":"https:\/\/cours-corrections-sans-faute.fr\/wp-content\/uploads\/2020\/11\/Image1.jpg","width":469,"height":313},{"@type":"BreadcrumbList","@id":"https:\/\/cours-corrections-sans-faute.fr\/index.php\/cours-et-formation\/reservez-un-cours-a-distance\/#breadcrumb","itemListElement":[{"@type":"ListItem","position":1,"name":"Accueil","item":"https:\/\/cours-corrections-sans-faute.fr\/"},{"@type":"ListItem","position":2,"name":"Cours et formations","item":"https:\/\/cours-corrections-sans-faute.fr\/index.php\/cours-et-formation\/"},{"@type":"ListItem","position":3,"name":"R\u00e9servez un cours \u00e0 distance"}]},{"@type":"WebSite","@id":"https:\/\/cours-corrections-sans-faute.fr\/#website","url":"https:\/\/cours-corrections-sans-faute.fr\/","name":"Sans-faute","description":"Relecture et correction - Formation en orthographe","publisher":{"@id":"https:\/\/cours-corrections-sans-faute.fr\/#organization"},"potentialAction":[{"@type":"SearchAction","target":{"@type":"EntryPoint","urlTemplate":"https:\/\/cours-corrections-sans-faute.fr\/?s={search_term_string}"},"query-input":{"@type":"PropertyValueSpecification","valueRequired":true,"valueName":"search_term_string"}}],"inLanguage":"fr-FR"},{"@type":"Organization","@id":"https:\/\/cours-corrections-sans-faute.fr\/#organization","name":"Sans-faute","url":"https:\/\/cours-corrections-sans-faute.fr\/","logo":{"@type":"ImageObject","inLanguage":"fr-FR","@id":"https:\/\/cours-corrections-sans-faute.fr\/#\/schema\/logo\/image\/","url":"https:\/\/cours-corrections-sans-faute.fr\/wp-content\/uploads\/2021\/02\/cropped-logo-correction-et-formation.png","contentUrl":"https:\/\/cours-corrections-sans-faute.fr\/wp-content\/uploads\/2021\/02\/cropped-logo-correction-et-formation.png","width":500,"height":155,"caption":"Sans-faute"},"image":{"@id":"https:\/\/cours-corrections-sans-faute.fr\/#\/schema\/logo\/image\/"},"sameAs":["https:\/\/www.facebook.com\/Sans.faute78\/","https:\/\/www.instagram.com\/sansfaute1\/","https:\/\/www.linkedin.com\/in\/anne-laure-gruet-68209618b\/"]}]}},"_links":{"self":[{"href":"https:\/\/cours-corrections-sans-faute.fr\/index.php\/wp-json\/wp\/v2\/pages\/345","targetHints":{"allow":["GET"]}}],"collection":[{"href":"https:\/\/cours-corrections-sans-faute.fr\/index.php\/wp-json\/wp\/v2\/pages"}],"about":[{"href":"https:\/\/cours-corrections-sans-faute.fr\/index.php\/wp-json\/wp\/v2\/types\/page"}],"author":[{"embeddable":true,"href":"https:\/\/cours-corrections-sans-faute.fr\/index.php\/wp-json\/wp\/v2\/users\/1"}],"replies":[{"embeddable":true,"href":"https:\/\/cours-corrections-sans-faute.fr\/index.php\/wp-json\/wp\/v2\/comments?post=345"}],"version-history":[{"count":23,"href":"https:\/\/cours-corrections-sans-faute.fr\/index.php\/wp-json\/wp\/v2\/pages\/345\/revisions"}],"predecessor-version":[{"id":859,"href":"https:\/\/cours-corrections-sans-faute.fr\/index.php\/wp-json\/wp\/v2\/pages\/345\/revisions\/859"}],"up":[{"embeddable":true,"href":"https:\/\/cours-corrections-sans-faute.fr\/index.php\/wp-json\/wp\/v2\/pages\/12"}],"wp:attachment":[{"href":"https:\/\/cours-corrections-sans-faute.fr\/index.php\/wp-json\/wp\/v2\/media?parent=345"}],"curies":[{"name":"wp","href":"https:\/\/api.w.org\/{rel}","templated":true}]}}