{"id":712,"date":"2023-05-30T17:54:12","date_gmt":"2023-05-30T15:54:12","guid":{"rendered":"https:\/\/cours-corrections-sans-faute.fr\/?page_id=712"},"modified":"2026-04-25T14:51:50","modified_gmt":"2026-04-25T12:51:50","slug":"toutes-les-pages-du-chat-bleu","status":"publish","type":"page","link":"https:\/\/cours-corrections-sans-faute.fr\/index.php\/actualites\/toutes-les-pages-du-chat-bleu\/","title":{"rendered":"Toutes les Pages du chat bleu\/Tous les Mots du chat bleu"},"content":{"rendered":"<p>La Page du chat bleu, qui s&rsquo;appelle d\u00e9sormais Les Mots du chat bleu, c&rsquo;est le bulletin d&rsquo;information mensuel de Sans-faute.<\/p>\n<p>Vous y trouvez chaque mois l&rsquo;actualit\u00e9 de Sans-faute, c\u00f4t\u00e9 correction et c\u00f4t\u00e9 formation, ainsi que des rappels, astuces, m\u00e9thodes, conseils sur la langue fran\u00e7aise et des informations d&rsquo;actualit\u00e9 dans ce domaine.<\/p>\n<p>La Page du chat bleu a vu le jour en janvier 2023.<\/p>\n<p>Retrouvez ci-dessous toutes les \u00e9ditions d\u00e9j\u00e0 parues :<\/p>\n<p><a href=\"https:\/\/9oo0p.r.ag.d.sendibm3.com\/mk\/mr\/sh\/1f8JAEjGcfF85v4fmqOkKgzP4X\/m9OMxZe9n0EI\" target=\"_blank\" rel=\"noopener\">La Page du chat bleu de janvier 2023 : lancement<\/a><\/p>\n<p><a href=\"https:\/\/9oo0p.r.ag.d.sendibm3.com\/mk\/mr\/sh\/1f8JAEjGcfF85v4fmqOkKgzP4X\/pn9GDUdw6caq\" target=\"_blank\" rel=\"noopener\">La Page du chat bleu de f\u00e9vrier 2023 : musclez votre orthographe<\/a><\/p>\n<p><a href=\"https:\/\/9oo0p.r.ag.d.sendibm3.com\/mk\/mr\/sh\/1f8JAEjGcfF85v4fmqOkKgzP4X\/DXKcWErVHT4n\" target=\"_blank\" rel=\"noopener\">La Page du chat bleu de mars 2023 : mettez du printemps dans vos mots<\/a><\/p>\n<p><a href=\"https:\/\/cours-corrections-sans-faute.fr\/wp-content\/uploads\/2024\/03\/CAMPAIGN_14.pdf\">Erratum<\/a><\/p>\n<p><a href=\"https:\/\/cours-corrections-sans-faute.fr\/wp-content\/uploads\/2024\/03\/CAMPAIGN_16.pdf\">Corrections<\/a><\/p>\n<p><a href=\"https:\/\/9oo0p.r.ag.d.sendibm3.com\/mk\/mr\/sh\/1f8JAEjGcfF85v4fmqOkKgzP4X\/azS8zKHUxmqM\" target=\"_blank\" rel=\"noopener\">La Page du chat bleu d&rsquo;avril 2023 : les mots du m\u00e9nage<\/a><\/p>\n<p><a href=\"https:\/\/9oo0p.r.ag.d.sendibm3.com\/mk\/mr\/sh\/1f8JAEjGcfF85v4fmqOkKgzP4X\/_uVDqg6gGo8j\" target=\"_blank\" rel=\"noopener\">La Page du chat bleu de mai 2023 : f\u00eate des M\u00e8res et f\u00eate des P\u00e8res<\/a><\/p>\n<p><a href=\"https:\/\/9oo0p.r.ag.d.sendibm3.com\/mk\/mr\/sh\/1f8JAEjGcfF85v4fmqOkKgzP4X\/9QZDf_Yi1x--\" target=\"_blank\" rel=\"noopener\">La Page du chat bleu de juin 2023 : mois des examens, on ne l\u00e2che rien !<\/a><\/p>\n<p><a href=\"https:\/\/9oo0p.r.ag.d.sendibm3.com\/mk\/mr\/sh\/1f8JAEjGcfF85v4fmqOkKgzP4X\/Ra_kYUyl8jQN\" target=\"_blank\" rel=\"noopener\">La Page du chat bleu de juillet 2023 : c&rsquo;est l&rsquo;\u00e9t\u00e9, on peut jouer !\u00a0<\/a><\/p>\n<p><a href=\"https:\/\/9oo0p.r.ag.d.sendibm3.com\/mk\/mr\/sh\/1f8JAEjGcfF85v4fmqOkKgzP4X\/kF7MgelUrrWL\" target=\"_blank\" rel=\"noopener\">La Page du chat bleu d&rsquo;ao\u00fbt 2023 : salade fra\u00eecheur, salade d&rsquo;erreurs&#8230;<\/a><\/p>\n<p><a href=\"https:\/\/9oo0p.r.ag.d.sendibm3.com\/mk\/mr\/sh\/1f8JAEjGcfF85v4fmqOkKgzP4X\/u7_DyAudacvr\" target=\"_blank\" rel=\"noopener\">La Page du chat bleu de septembre 2023 : c\u00e9l\u00e9brons, comm\u00e9morons !<\/a><\/p>\n<p><a href=\"https:\/\/9oo0p.r.ag.d.sendibm3.com\/mk\/mr\/sh\/1f8JAEjGcfF85v4fmqOkKgzP4X\/lZBOaGlhUyos\" target=\"_blank\" rel=\"noopener\">La Page du chat bleu d&rsquo;octobre 2023 : \u00eatre ou avoir ?<\/a><\/p>\n<p><a href=\"https:\/\/9oo0p.r.ag.d.sendibm3.com\/mk\/mr\/sh\/1f8JAEjGcfF85v4fmqOkKgzP4X\/gBu-CaQiSf65\" target=\"_blank\" rel=\"noopener\">La Page du chat bleu de novembre 2023 : accessoires, accents, accords<\/a><\/p>\n<p><a href=\"https:\/\/9oo0p.r.ag.d.sendibm3.com\/mk\/mr\/sh\/1f8JAEjGcfF85v4fmqOkKgzP4X\/3fgZr9Jjnec9\" target=\"_blank\" rel=\"noopener\">La Page du chat bleu de d\u00e9cembre 2023 : listes \u00e0 puces et autres astuces<\/a><\/p>\n<p><a href=\"https:\/\/9oo0p.r.ag.d.sendibm3.com\/mk\/mr\/sh\/1f8JAEjGcfF85v4fmqOkKgzP4X\/vlF7A-VEqGwK\" target=\"_blank\" rel=\"noopener\">La Page du chat bleu de janvier 2024 : vous n&rsquo;\u00e9crirez plus par hasard&#8230;<\/a><\/p>\n<p><a href=\"https:\/\/9oo0p.r.ag.d.sendibm3.com\/mk\/mr\/sh\/1f8JAEjGcfF85v4fmqOkKgzP4X\/RM2CmGYiJgLr\" target=\"_blank\" rel=\"noopener\">La Page du chat bleu de f\u00e9vrier 2024 : ci-joint, des astuces pour accorder ci-joint et ses copains&#8230;<\/a><\/p>\n<p><a href=\"https:\/\/9oo0p.r.ag.d.sendibm3.com\/mk\/mr\/sh\/1f8JAEjGcfF85v4fmqOkKgzP4X\/ZUP_Pmz2USWy\" target=\"_blank\" rel=\"noopener\">La Page du chat bleu de mars 2024 : communiquez efficacement par \u00e9crit !<\/a><\/p>\n<p><a href=\"https:\/\/9oo0p.r.ag.d.sendibm3.com\/mk\/mr\/sh\/1f8JAEjGcfF85v4fmqOkKgzP4X\/PvYfOWT-6CvQ\" target=\"_blank\" rel=\"noopener\">La Page du chat bleu d&rsquo;avril 2024 : comment accueillir b\u00e9b\u00e9 sans faire d&rsquo;erreurs ?<\/a><\/p>\n<p><a href=\"https:\/\/9oo0p.r.ag.d.sendibm3.com\/mk\/mr\/sh\/1f8JAEjGcfF85v4fmqOkKgzP4X\/AEQMlpdnRTuR\" target=\"_blank\" rel=\"noopener\">La Page du chat bleu de mai 2024 : en mai, soignez votre r\u00e9daction en \u00e9vitant une erreur fr\u00e9quente<\/a>.<\/p>\n<p><a href=\"https:\/\/9oo0p.r.ag.d.sendibm3.com\/mk\/mr\/sh\/1f8JAEjGcfF85v4fmqOkKgzP4X\/rJ9LktBdSZ_m\" target=\"_blank\" rel=\"noopener\">La Page du chat bleu de juin 2024 : n&rsquo;oublions pas les bases !<\/a><\/p>\n<p><a href=\"https:\/\/9oo0p.r.ag.d.sendibm3.com\/mk\/mr\/sh\/1f8JAEjGcfF85v4fmqOkKgzP4X\/AkR9InWvjPKB\" target=\"_blank\" rel=\"noopener\">La Page du chat bleu de juillet 2024 : d\u00e9couvrez vite le cahier de vacances du chat bleu !<\/a><\/p>\n<p><a href=\"https:\/\/9oo0p.r.ag.d.sendibm3.com\/mk\/mr\/sh\/1f8JAEjGcfF85v4fmqOkKgzP4X\/2a6c_6Au2F80\" target=\"_blank\" rel=\"noopener\">La Page du chat bleu d&rsquo;ao\u00fbt 2024 : quand \u00ab sur \u00bb remplace les autres pr\u00e9positions.<\/a><\/p>\n<p><a href=\"https:\/\/9oo0p.r.ag.d.sendibm3.com\/mk\/mr\/sh\/1f8JAEjGcfF85v4fmqOkKgzP4X\/1iw-jo5YopqE\" target=\"_blank\" rel=\"noopener\">La Page du chat bleu de septembre 2024 : pourquoi \u00e9crit-on \u00ab ils se sont appel\u00e9s \u00bb, mais \u00ab ils se sont t\u00e9l\u00e9phon\u00e9 \u00bb ?<\/a><\/p>\n<p><a href=\"https:\/\/9oo0p.r.ag.d.sendibm3.com\/mk\/mr\/sh\/1f8JAEjGcfF85v4fmqOkKgzP4X\/soQow5whJRRL\" target=\"_blank\" rel=\"noopener\">La Page du chat bleu d&rsquo;octobre 2024 : d\u00e9couvrez ce qu&rsquo;est un pl\u00e9onasme grammatical.<\/a><\/p>\n<p><a href=\"https:\/\/9oo0p.r.ag.d.sendibm3.com\/mk\/mr\/sh\/1f8JAEjGcfF85v4fmqOkKgzP4X\/RAJRevbl6Ez1\" target=\"_blank\" rel=\"noopener\">La Page du chat bleu de novembre 2024 : \u00e9vitez ces erreurs fr\u00e9quentes au subjonctif.<\/a><\/p>\n<p><a href=\"https:\/\/9oo0p.r.ag.d.sendibm3.com\/mk\/mr\/sh\/1f8JAEjGcfF85v4fmqOkKgzP4X\/GNz5Qr8qESuh\" target=\"_blank\" rel=\"noopener\">Les Mots du chat bleu de d\u00e9cembre 2024 : douce nuit, sainte nuit.<\/a><\/p>\n<p><a href=\"https:\/\/9oo0p.r.ag.d.sendibm3.com\/mk\/mr\/sh\/1f8JAEjGcfF85v4fmqOkKgzP4X\/kFj6s5XE_l4_\" target=\"_blank\" rel=\"noopener\">Les Mots du chat bleu de janvier 2025 : devenez un ma\u00eetre absolu des temps compos\u00e9s !<\/a><\/p>\n<p><a href=\"https:\/\/9oo0p.r.sp1-brevo.net\/mk\/mr\/sh\/1f8JAEjGcfF85v4fmqOkKgzP4X\/ZnoedyqDygRK\" target=\"_blank\" rel=\"noopener\">Les Mots du chat bleu de f\u00e9vrier 2025 : \u00eates-vous pr\u00eat\u00b7e pour le Certificat Voltaire ?\u00a0<\/a><\/p>\n<p><a href=\"https:\/\/9oo0p.r.sp1-brevo.net\/mk\/mr\/sh\/1f8JAEjGcfF85v4fmqOkKgzP4X\/8J7Kf2GtgA6N\" target=\"_blank\" rel=\"noopener\">Les Mots du chat bleu de mars 2025 : apostrophe ou trait d&rsquo;union ?\u00a0<\/a><\/p>\n<p><a href=\"https:\/\/9oo0p.r.a.d.sendibm1.com\/mk\/mr\/sh\/1f8JAEjGcfF85v4fmqOkKgzP4X\/U73OJLzxPy5r\" target=\"_blank\" rel=\"noopener\">Les Mots du chat bleu d&rsquo;avril 2025 : il \u00e9tait une fois&#8230; l&rsquo;imparfait !<\/a><\/p>\n<p><a href=\"https:\/\/9oo0p.r.a.d.sendibm1.com\/mk\/mr\/sh\/1f8JAEjGcfF85v4fmqOkKgzP4X\/v1MJ6sEiSJEz\" target=\"_blank\" rel=\"noopener\">Les Mots du chat bleu de mai 2025 : pr\u00e9parons l&rsquo;avenir !<\/a><\/p>\n<p><a href=\"https:\/\/9oo0p.r.a.d.sendibm1.com\/mk\/mr\/sh\/1f8JAEjGcfF85v4fmqOkKgzP4X\/8BTjw16dpRJ5\" target=\"_blank\" rel=\"noopener\">Les Mots du chat bleu de juin 2025 : soyez incollable sur le conditionnel !<\/a><\/p>\n<p><a href=\"https:\/\/9oo0p.r.sp1-brevo.net\/mk\/mr\/sh\/1f8JAEjGcfF85v4fmqOkKgzP4X\/j0OLoLVxrPcU\" target=\"_blank\" rel=\"noopener\">Les Mots du chat bleu de juillet 2025 : soyez comme un poisson dans l&rsquo;eau avec ces expressions.<\/a><\/p>\n<p><a href=\"https:\/\/9oo0p.r.sp1-brevo.net\/mk\/mr\/sh\/1f8JAEjGcfF85v4fmqOkKgzP4X\/GJijM3cMpznb\" target=\"_blank\" rel=\"noopener\">Les Mots du chat bleu d&rsquo;ao\u00fbt 2025 : savourons ces mots d\u00e9licieux !<\/a><\/p>\n<p><a href=\"https:\/\/9oo0p.r.sp1-brevo.net\/mk\/mr\/sh\/1f8JAEjGcfF85v4fmqOkKgzP4X\/WsThL79lFcRX\" target=\"_blank\" rel=\"noopener\">Les Mots du chat bleu de septembre 2025 : attention \u00e0 la n\u00e9gation !<\/a><\/p>\n<p><a href=\"https:\/\/9oo0p.r.sp1-brevo.net\/mk\/mr\/sh\/1f8JAEjGcfF85v4fmqOkKgzP4X\/qT1RYWHyjsY2\" target=\"_blank\" rel=\"noopener\">Les Mots du chat bleu d&rsquo;octobre 2025 : battez la campagne si vous le souhaitez, mais en conjuguant correctement le verbe battre !<\/a><\/p>\n<p><a href=\"https:\/\/9oo0p.r.sp1-brevo.net\/mk\/mr\/sh\/1f8JAEjGcfF85v4fmqOkKgzP4X\/h9cRF-TFHKWL\" target=\"_blank\" rel=\"noopener\">Les Mots du chat bleu de novembre 2025 : ne fais plus d&rsquo;erreurs avec l&rsquo;imp\u00e9ratif, observe bien ces r\u00e8gles !<\/a><\/p>\n<p><a href=\"https:\/\/9oo0p.r.sp1-brevo.net\/mk\/mr\/sh\/1f8JAEjGcfF85v4fmqOkKgzP4X\/HsnTZj75lNNX\" target=\"_blank\" rel=\"noopener\">Les Mots du chat bleu de d\u00e9cembre 2025 : bien formuler ses v\u0153ux.<\/a><\/p>\n<p><a href=\"https:\/\/9oo0p.r.a.d.sendibm1.com\/mk\/mr\/sh\/1f8JAEjGcfF85v4fmqOkKgzP4X\/qhLTVYdj5anM\" target=\"_blank\" rel=\"noopener\">Les Mots du chat bleu de janvier 2026 : le h, une lettre pas si muette.<\/a><\/p>\n<p><a href=\"https:\/\/9oo0p.r.a.d.sendibm1.com\/mk\/mr\/sh\/1f8JAEjGcfF85v4fmqOkKgzP4X\/0ToV_URKgZlU\" target=\"_blank\" rel=\"noopener\">Les Mots du chat bleu de f\u00e9vrier 2026 : \u00ab p\u00e9cunier \u00bb et autres mots qui n&rsquo;existent pas<\/a><\/p>\n<p><a href=\"https:\/\/9oo0p.r.a.d.sendibm1.com\/mk\/mr\/sh\/1f8JAEjGcfF85v4fmqOkKgzP4X\/6PEaBAoF2oqL\" target=\"_blank\" rel=\"noopener\">Les Mots du chat bleu de mars 2026 : mais \u00e0 quoi sert donc l&rsquo;apostrophe ?<\/a><\/p>\n<p><a href=\"https:\/\/9oo0p.r.sp1-brevo.net\/mk\/mr\/sh\/1f8JAEjGcfF85v4fmqOkKgzP4X\/h3cXRjLI2M7_\" target=\"_blank\" rel=\"noopener\">Les Mots du chat bleu d&rsquo;avril 2026 : mais, en quoi \u00e7a consiste, la correction d&rsquo;un texte ?<\/a><\/p>\n<p>&nbsp;<\/p>\n<p>&nbsp;<\/p>\n<p><iframe loading=\"lazy\" style=\"display: block; margin-left: auto; margin-right: auto; max-width: 100%;\" src=\"https:\/\/ed05d094.sibforms.com\/serve\/MUIEABekUq4O6TacL22iEUJQnCQDdYs7kCXvKJ6N5mOSr0vFQ7CrDsYMMgziQQchz9i4vhRds8CmLEOZlTDBbnUL6OJX8Mv3rYE8lc_v2KNxR9bj0R8lQLcR_R8iuOYXKb7U1D7hMDibvXYiUJZ1mnWeVVmX8aUezwwbQR8H-JXrXn1BPMZjuCxvNdyjgP2sCNap4lsD896JfvHU\" width=\"540\" height=\"305\" frameborder=\"0\" scrolling=\"auto\" allowfullscreen=\"allowfullscreen\"><\/iframe><\/p>\n","protected":false},"excerpt":{"rendered":"<p>La Page du chat bleu, qui s&rsquo;appelle d\u00e9sormais Les Mots du chat bleu, c&rsquo;est le bulletin d&rsquo;information mensuel de Sans-faute. Vous y trouvez chaque mois l&rsquo;actualit\u00e9 de Sans-faute, c\u00f4t\u00e9 correction et c\u00f4t\u00e9 formation, ainsi que des rappels, astuces, m\u00e9thodes, conseils sur la langue fran\u00e7aise et des informations d&rsquo;actualit\u00e9 dans ce domaine. La Page du chat &#8230; <a title=\"Toutes les Pages du chat bleu\/Tous les Mots du chat bleu\" class=\"read-more\" href=\"https:\/\/cours-corrections-sans-faute.fr\/index.php\/actualites\/toutes-les-pages-du-chat-bleu\/\" aria-label=\"En savoir plus sur Toutes les Pages du chat bleu\/Tous les Mots du chat bleu\">Lire la suite<\/a><\/p>\n","protected":false},"author":1,"featured_media":813,"parent":74,"menu_order":53,"comment_status":"closed","ping_status":"closed","template":"","meta":{"footnotes":""},"class_list":["post-712","page","type-page","status-publish","has-post-thumbnail"],"yoast_head":"<!-- This site is optimized with the Yoast SEO plugin v25.9 - https:\/\/yoast.com\/wordpress\/plugins\/seo\/ -->\n<title>Toutes les Pages du chat bleu\/Tous les Mots du chat bleu - Sans-faute<\/title>\n<meta name=\"robots\" content=\"index, follow, max-snippet:-1, max-image-preview:large, max-video-preview:-1\" \/>\n<link rel=\"canonical\" href=\"https:\/\/cours-corrections-sans-faute.fr\/index.php\/actualites\/toutes-les-pages-du-chat-bleu\/\" \/>\n<meta property=\"og:locale\" content=\"fr_FR\" \/>\n<meta property=\"og:type\" content=\"article\" \/>\n<meta property=\"og:title\" content=\"Toutes les Pages du chat bleu\/Tous les Mots du chat bleu - Sans-faute\" \/>\n<meta property=\"og:description\" content=\"La Page du chat bleu, qui s&rsquo;appelle d\u00e9sormais Les Mots du chat bleu, c&rsquo;est le bulletin d&rsquo;information mensuel de Sans-faute. Vous y trouvez chaque mois l&rsquo;actualit\u00e9 de Sans-faute, c\u00f4t\u00e9 correction et c\u00f4t\u00e9 formation, ainsi que des rappels, astuces, m\u00e9thodes, conseils sur la langue fran\u00e7aise et des informations d&rsquo;actualit\u00e9 dans ce domaine. La Page du chat ... Lire la suite\" \/>\n<meta property=\"og:url\" content=\"https:\/\/cours-corrections-sans-faute.fr\/index.php\/actualites\/toutes-les-pages-du-chat-bleu\/\" \/>\n<meta property=\"og:site_name\" content=\"Sans-faute\" \/>\n<meta property=\"article:publisher\" content=\"https:\/\/www.facebook.com\/Sans.faute78\/\" \/>\n<meta property=\"article:modified_time\" content=\"2026-04-25T12:51:50+00:00\" \/>\n<meta property=\"og:image\" content=\"https:\/\/cours-corrections-sans-faute.fr\/wp-content\/uploads\/2024\/03\/chat_lunettes-CHOIX-ANNELAURE.jpg\" \/>\n\t<meta property=\"og:image:width\" content=\"1365\" \/>\n\t<meta property=\"og:image:height\" content=\"768\" \/>\n\t<meta property=\"og:image:type\" content=\"image\/jpeg\" \/>\n<meta name=\"twitter:card\" content=\"summary_large_image\" \/>\n<meta name=\"twitter:label1\" content=\"Dur\u00e9e de lecture estim\u00e9e\" \/>\n\t<meta name=\"twitter:data1\" content=\"3 minutes\" \/>\n<script type=\"application\/ld+json\" class=\"yoast-schema-graph\">{\"@context\":\"https:\/\/schema.org\",\"@graph\":[{\"@type\":\"WebPage\",\"@id\":\"https:\/\/cours-corrections-sans-faute.fr\/index.php\/actualites\/toutes-les-pages-du-chat-bleu\/\",\"url\":\"https:\/\/cours-corrections-sans-faute.fr\/index.php\/actualites\/toutes-les-pages-du-chat-bleu\/\",\"name\":\"Toutes les Pages du chat bleu\/Tous les Mots du chat bleu - Sans-faute\",\"isPartOf\":{\"@id\":\"https:\/\/cours-corrections-sans-faute.fr\/#website\"},\"primaryImageOfPage\":{\"@id\":\"https:\/\/cours-corrections-sans-faute.fr\/index.php\/actualites\/toutes-les-pages-du-chat-bleu\/#primaryimage\"},\"image\":{\"@id\":\"https:\/\/cours-corrections-sans-faute.fr\/index.php\/actualites\/toutes-les-pages-du-chat-bleu\/#primaryimage\"},\"thumbnailUrl\":\"https:\/\/cours-corrections-sans-faute.fr\/wp-content\/uploads\/2024\/03\/chat_lunettes-CHOIX-ANNELAURE.jpg\",\"datePublished\":\"2023-05-30T15:54:12+00:00\",\"dateModified\":\"2026-04-25T12:51:50+00:00\",\"breadcrumb\":{\"@id\":\"https:\/\/cours-corrections-sans-faute.fr\/index.php\/actualites\/toutes-les-pages-du-chat-bleu\/#breadcrumb\"},\"inLanguage\":\"fr-FR\",\"potentialAction\":[{\"@type\":\"ReadAction\",\"target\":[\"https:\/\/cours-corrections-sans-faute.fr\/index.php\/actualites\/toutes-les-pages-du-chat-bleu\/\"]}]},{\"@type\":\"ImageObject\",\"inLanguage\":\"fr-FR\",\"@id\":\"https:\/\/cours-corrections-sans-faute.fr\/index.php\/actualites\/toutes-les-pages-du-chat-bleu\/#primaryimage\",\"url\":\"https:\/\/cours-corrections-sans-faute.fr\/wp-content\/uploads\/2024\/03\/chat_lunettes-CHOIX-ANNELAURE.jpg\",\"contentUrl\":\"https:\/\/cours-corrections-sans-faute.fr\/wp-content\/uploads\/2024\/03\/chat_lunettes-CHOIX-ANNELAURE.jpg\",\"width\":1365,\"height\":768,\"caption\":\"chat mascotte de Sans-faute\"},{\"@type\":\"BreadcrumbList\",\"@id\":\"https:\/\/cours-corrections-sans-faute.fr\/index.php\/actualites\/toutes-les-pages-du-chat-bleu\/#breadcrumb\",\"itemListElement\":[{\"@type\":\"ListItem\",\"position\":1,\"name\":\"Accueil\",\"item\":\"https:\/\/cours-corrections-sans-faute.fr\/\"},{\"@type\":\"ListItem\",\"position\":2,\"name\":\"Actualit\u00e9s\",\"item\":\"https:\/\/cours-corrections-sans-faute.fr\/index.php\/actualites\/\"},{\"@type\":\"ListItem\",\"position\":3,\"name\":\"Toutes les Pages du chat bleu\/Tous les Mots du chat bleu\"}]},{\"@type\":\"WebSite\",\"@id\":\"https:\/\/cours-corrections-sans-faute.fr\/#website\",\"url\":\"https:\/\/cours-corrections-sans-faute.fr\/\",\"name\":\"Sans-faute\",\"description\":\"Relecture et correction - Formation en orthographe\",\"publisher\":{\"@id\":\"https:\/\/cours-corrections-sans-faute.fr\/#organization\"},\"potentialAction\":[{\"@type\":\"SearchAction\",\"target\":{\"@type\":\"EntryPoint\",\"urlTemplate\":\"https:\/\/cours-corrections-sans-faute.fr\/?s={search_term_string}\"},\"query-input\":{\"@type\":\"PropertyValueSpecification\",\"valueRequired\":true,\"valueName\":\"search_term_string\"}}],\"inLanguage\":\"fr-FR\"},{\"@type\":\"Organization\",\"@id\":\"https:\/\/cours-corrections-sans-faute.fr\/#organization\",\"name\":\"Sans-faute\",\"url\":\"https:\/\/cours-corrections-sans-faute.fr\/\",\"logo\":{\"@type\":\"ImageObject\",\"inLanguage\":\"fr-FR\",\"@id\":\"https:\/\/cours-corrections-sans-faute.fr\/#\/schema\/logo\/image\/\",\"url\":\"https:\/\/cours-corrections-sans-faute.fr\/wp-content\/uploads\/2021\/02\/cropped-logo-correction-et-formation.png\",\"contentUrl\":\"https:\/\/cours-corrections-sans-faute.fr\/wp-content\/uploads\/2021\/02\/cropped-logo-correction-et-formation.png\",\"width\":500,\"height\":155,\"caption\":\"Sans-faute\"},\"image\":{\"@id\":\"https:\/\/cours-corrections-sans-faute.fr\/#\/schema\/logo\/image\/\"},\"sameAs\":[\"https:\/\/www.facebook.com\/Sans.faute78\/\",\"https:\/\/www.instagram.com\/sansfaute1\/\",\"https:\/\/www.linkedin.com\/in\/anne-laure-gruet-68209618b\/\"]}]}<\/script>\n<!-- \/ Yoast SEO plugin. -->","yoast_head_json":{"title":"Toutes les Pages du chat bleu\/Tous les Mots du chat bleu - Sans-faute","robots":{"index":"index","follow":"follow","max-snippet":"max-snippet:-1","max-image-preview":"max-image-preview:large","max-video-preview":"max-video-preview:-1"},"canonical":"https:\/\/cours-corrections-sans-faute.fr\/index.php\/actualites\/toutes-les-pages-du-chat-bleu\/","og_locale":"fr_FR","og_type":"article","og_title":"Toutes les Pages du chat bleu\/Tous les Mots du chat bleu - Sans-faute","og_description":"La Page du chat bleu, qui s&rsquo;appelle d\u00e9sormais Les Mots du chat bleu, c&rsquo;est le bulletin d&rsquo;information mensuel de Sans-faute. Vous y trouvez chaque mois l&rsquo;actualit\u00e9 de Sans-faute, c\u00f4t\u00e9 correction et c\u00f4t\u00e9 formation, ainsi que des rappels, astuces, m\u00e9thodes, conseils sur la langue fran\u00e7aise et des informations d&rsquo;actualit\u00e9 dans ce domaine. La Page du chat ... Lire la suite","og_url":"https:\/\/cours-corrections-sans-faute.fr\/index.php\/actualites\/toutes-les-pages-du-chat-bleu\/","og_site_name":"Sans-faute","article_publisher":"https:\/\/www.facebook.com\/Sans.faute78\/","article_modified_time":"2026-04-25T12:51:50+00:00","og_image":[{"width":1365,"height":768,"url":"https:\/\/cours-corrections-sans-faute.fr\/wp-content\/uploads\/2024\/03\/chat_lunettes-CHOIX-ANNELAURE.jpg","type":"image\/jpeg"}],"twitter_card":"summary_large_image","twitter_misc":{"Dur\u00e9e de lecture estim\u00e9e":"3 minutes"},"schema":{"@context":"https:\/\/schema.org","@graph":[{"@type":"WebPage","@id":"https:\/\/cours-corrections-sans-faute.fr\/index.php\/actualites\/toutes-les-pages-du-chat-bleu\/","url":"https:\/\/cours-corrections-sans-faute.fr\/index.php\/actualites\/toutes-les-pages-du-chat-bleu\/","name":"Toutes les Pages du chat bleu\/Tous les Mots du chat bleu - Sans-faute","isPartOf":{"@id":"https:\/\/cours-corrections-sans-faute.fr\/#website"},"primaryImageOfPage":{"@id":"https:\/\/cours-corrections-sans-faute.fr\/index.php\/actualites\/toutes-les-pages-du-chat-bleu\/#primaryimage"},"image":{"@id":"https:\/\/cours-corrections-sans-faute.fr\/index.php\/actualites\/toutes-les-pages-du-chat-bleu\/#primaryimage"},"thumbnailUrl":"https:\/\/cours-corrections-sans-faute.fr\/wp-content\/uploads\/2024\/03\/chat_lunettes-CHOIX-ANNELAURE.jpg","datePublished":"2023-05-30T15:54:12+00:00","dateModified":"2026-04-25T12:51:50+00:00","breadcrumb":{"@id":"https:\/\/cours-corrections-sans-faute.fr\/index.php\/actualites\/toutes-les-pages-du-chat-bleu\/#breadcrumb"},"inLanguage":"fr-FR","potentialAction":[{"@type":"ReadAction","target":["https:\/\/cours-corrections-sans-faute.fr\/index.php\/actualites\/toutes-les-pages-du-chat-bleu\/"]}]},{"@type":"ImageObject","inLanguage":"fr-FR","@id":"https:\/\/cours-corrections-sans-faute.fr\/index.php\/actualites\/toutes-les-pages-du-chat-bleu\/#primaryimage","url":"https:\/\/cours-corrections-sans-faute.fr\/wp-content\/uploads\/2024\/03\/chat_lunettes-CHOIX-ANNELAURE.jpg","contentUrl":"https:\/\/cours-corrections-sans-faute.fr\/wp-content\/uploads\/2024\/03\/chat_lunettes-CHOIX-ANNELAURE.jpg","width":1365,"height":768,"caption":"chat mascotte de Sans-faute"},{"@type":"BreadcrumbList","@id":"https:\/\/cours-corrections-sans-faute.fr\/index.php\/actualites\/toutes-les-pages-du-chat-bleu\/#breadcrumb","itemListElement":[{"@type":"ListItem","position":1,"name":"Accueil","item":"https:\/\/cours-corrections-sans-faute.fr\/"},{"@type":"ListItem","position":2,"name":"Actualit\u00e9s","item":"https:\/\/cours-corrections-sans-faute.fr\/index.php\/actualites\/"},{"@type":"ListItem","position":3,"name":"Toutes les Pages du chat bleu\/Tous les Mots du chat bleu"}]},{"@type":"WebSite","@id":"https:\/\/cours-corrections-sans-faute.fr\/#website","url":"https:\/\/cours-corrections-sans-faute.fr\/","name":"Sans-faute","description":"Relecture et correction - Formation en orthographe","publisher":{"@id":"https:\/\/cours-corrections-sans-faute.fr\/#organization"},"potentialAction":[{"@type":"SearchAction","target":{"@type":"EntryPoint","urlTemplate":"https:\/\/cours-corrections-sans-faute.fr\/?s={search_term_string}"},"query-input":{"@type":"PropertyValueSpecification","valueRequired":true,"valueName":"search_term_string"}}],"inLanguage":"fr-FR"},{"@type":"Organization","@id":"https:\/\/cours-corrections-sans-faute.fr\/#organization","name":"Sans-faute","url":"https:\/\/cours-corrections-sans-faute.fr\/","logo":{"@type":"ImageObject","inLanguage":"fr-FR","@id":"https:\/\/cours-corrections-sans-faute.fr\/#\/schema\/logo\/image\/","url":"https:\/\/cours-corrections-sans-faute.fr\/wp-content\/uploads\/2021\/02\/cropped-logo-correction-et-formation.png","contentUrl":"https:\/\/cours-corrections-sans-faute.fr\/wp-content\/uploads\/2021\/02\/cropped-logo-correction-et-formation.png","width":500,"height":155,"caption":"Sans-faute"},"image":{"@id":"https:\/\/cours-corrections-sans-faute.fr\/#\/schema\/logo\/image\/"},"sameAs":["https:\/\/www.facebook.com\/Sans.faute78\/","https:\/\/www.instagram.com\/sansfaute1\/","https:\/\/www.linkedin.com\/in\/anne-laure-gruet-68209618b\/"]}]}},"_links":{"self":[{"href":"https:\/\/cours-corrections-sans-faute.fr\/index.php\/wp-json\/wp\/v2\/pages\/712","targetHints":{"allow":["GET"]}}],"collection":[{"href":"https:\/\/cours-corrections-sans-faute.fr\/index.php\/wp-json\/wp\/v2\/pages"}],"about":[{"href":"https:\/\/cours-corrections-sans-faute.fr\/index.php\/wp-json\/wp\/v2\/types\/page"}],"author":[{"embeddable":true,"href":"https:\/\/cours-corrections-sans-faute.fr\/index.php\/wp-json\/wp\/v2\/users\/1"}],"replies":[{"embeddable":true,"href":"https:\/\/cours-corrections-sans-faute.fr\/index.php\/wp-json\/wp\/v2\/comments?post=712"}],"version-history":[{"count":43,"href":"https:\/\/cours-corrections-sans-faute.fr\/index.php\/wp-json\/wp\/v2\/pages\/712\/revisions"}],"predecessor-version":[{"id":970,"href":"https:\/\/cours-corrections-sans-faute.fr\/index.php\/wp-json\/wp\/v2\/pages\/712\/revisions\/970"}],"up":[{"embeddable":true,"href":"https:\/\/cours-corrections-sans-faute.fr\/index.php\/wp-json\/wp\/v2\/pages\/74"}],"wp:featuredmedia":[{"embeddable":true,"href":"https:\/\/cours-corrections-sans-faute.fr\/index.php\/wp-json\/wp\/v2\/media\/813"}],"wp:attachment":[{"href":"https:\/\/cours-corrections-sans-faute.fr\/index.php\/wp-json\/wp\/v2\/media?parent=712"}],"curies":[{"name":"wp","href":"https:\/\/api.w.org\/{rel}","templated":true}]}}