{"id":768,"date":"2023-12-27T18:20:03","date_gmt":"2023-12-27T17:20:03","guid":{"rendered":"https:\/\/cours-corrections-sans-faute.fr\/?page_id=768"},"modified":"2026-03-27T10:16:16","modified_gmt":"2026-03-27T09:16:16","slug":"inscription-aux-ateliers","status":"publish","type":"page","link":"https:\/\/cours-corrections-sans-faute.fr\/index.php\/actualites\/inscription-aux-ateliers\/","title":{"rendered":"Inscription aux ateliers"},"content":{"rendered":"<p>Bienvenue sur la page d&rsquo;inscription \u00e0 l&rsquo;atelier de perfectionnement en orthographe du mercredi 29 avril 2026 \u00e0 20 h 30, en visioconf\u00e9rence.<\/p>\n<p><a class=\"weezevent-widget-integration\" title=\"Logiciel billetterie en ligne\" href=\"https:\/\/widget.weezevent.com\/ticket\/E1885407\/?code=14988&amp;locale=fr-FR&amp;width_auto=1&amp;color_primary=0032FA\" target=\"_blank\" rel=\"noopener\" data-src=\"https:\/\/widget.weezevent.com\/ticket\/E1885407\/?code=14988&amp;locale=fr-FR&amp;width_auto=1&amp;color_primary=0032FA\" data-id=\"1885407\" data-resize=\"1\" data-width_auto=\"1\" data-noscroll=\"0\" data-use-container=\"yes\" data-type=\"neo\">Billetterie Weezevent<\/a><br \/>\n<script type=\"text\/javascript\" src=\"https:\/\/widget.weezevent.com\/weez.js\"><\/script><\/p>\n","protected":false},"excerpt":{"rendered":"<p>Bienvenue sur la page d&rsquo;inscription \u00e0 l&rsquo;atelier de perfectionnement en orthographe du mercredi 29 avril 2026 \u00e0 20 h 30, en visioconf\u00e9rence. Billetterie Weezevent<\/p>\n","protected":false},"author":1,"featured_media":963,"parent":74,"menu_order":10,"comment_status":"closed","ping_status":"closed","template":"","meta":{"footnotes":""},"class_list":["post-768","page","type-page","status-publish","has-post-thumbnail"],"yoast_head":"<!-- This site is optimized with the Yoast SEO plugin v25.9 - https:\/\/yoast.com\/wordpress\/plugins\/seo\/ -->\n<title>Inscription aux ateliers - Sans-faute<\/title>\n<meta name=\"robots\" content=\"index, follow, max-snippet:-1, max-image-preview:large, max-video-preview:-1\" \/>\n<link rel=\"canonical\" href=\"https:\/\/cours-corrections-sans-faute.fr\/index.php\/actualites\/inscription-aux-ateliers\/\" \/>\n<meta property=\"og:locale\" content=\"fr_FR\" \/>\n<meta property=\"og:type\" content=\"article\" \/>\n<meta property=\"og:title\" content=\"Inscription aux ateliers - Sans-faute\" \/>\n<meta property=\"og:description\" content=\"Bienvenue sur la page d&rsquo;inscription \u00e0 l&rsquo;atelier de perfectionnement en orthographe du mercredi 29 avril 2026 \u00e0 20 h 30, en visioconf\u00e9rence. Billetterie Weezevent\" \/>\n<meta property=\"og:url\" content=\"https:\/\/cours-corrections-sans-faute.fr\/index.php\/actualites\/inscription-aux-ateliers\/\" \/>\n<meta property=\"og:site_name\" content=\"Sans-faute\" \/>\n<meta property=\"article:publisher\" content=\"https:\/\/www.facebook.com\/Sans.faute78\/\" \/>\n<meta property=\"article:modified_time\" content=\"2026-03-27T09:16:16+00:00\" \/>\n<meta property=\"og:image\" content=\"https:\/\/cours-corrections-sans-faute.fr\/wp-content\/uploads\/2026\/03\/Atelier-de-perfectionnement-en-orthographe-3-2026.png\" \/>\n\t<meta property=\"og:image:width\" content=\"940\" \/>\n\t<meta property=\"og:image:height\" content=\"788\" \/>\n\t<meta property=\"og:image:type\" content=\"image\/png\" \/>\n<meta name=\"twitter:card\" content=\"summary_large_image\" \/>\n<meta name=\"twitter:label1\" content=\"Dur\u00e9e de lecture estim\u00e9e\" \/>\n\t<meta name=\"twitter:data1\" content=\"1 minute\" \/>\n<script type=\"application\/ld+json\" class=\"yoast-schema-graph\">{\"@context\":\"https:\/\/schema.org\",\"@graph\":[{\"@type\":\"WebPage\",\"@id\":\"https:\/\/cours-corrections-sans-faute.fr\/index.php\/actualites\/inscription-aux-ateliers\/\",\"url\":\"https:\/\/cours-corrections-sans-faute.fr\/index.php\/actualites\/inscription-aux-ateliers\/\",\"name\":\"Inscription aux ateliers - Sans-faute\",\"isPartOf\":{\"@id\":\"https:\/\/cours-corrections-sans-faute.fr\/#website\"},\"primaryImageOfPage\":{\"@id\":\"https:\/\/cours-corrections-sans-faute.fr\/index.php\/actualites\/inscription-aux-ateliers\/#primaryimage\"},\"image\":{\"@id\":\"https:\/\/cours-corrections-sans-faute.fr\/index.php\/actualites\/inscription-aux-ateliers\/#primaryimage\"},\"thumbnailUrl\":\"https:\/\/cours-corrections-sans-faute.fr\/wp-content\/uploads\/2026\/03\/Atelier-de-perfectionnement-en-orthographe-3-2026.png\",\"datePublished\":\"2023-12-27T17:20:03+00:00\",\"dateModified\":\"2026-03-27T09:16:16+00:00\",\"breadcrumb\":{\"@id\":\"https:\/\/cours-corrections-sans-faute.fr\/index.php\/actualites\/inscription-aux-ateliers\/#breadcrumb\"},\"inLanguage\":\"fr-FR\",\"potentialAction\":[{\"@type\":\"ReadAction\",\"target\":[\"https:\/\/cours-corrections-sans-faute.fr\/index.php\/actualites\/inscription-aux-ateliers\/\"]}]},{\"@type\":\"ImageObject\",\"inLanguage\":\"fr-FR\",\"@id\":\"https:\/\/cours-corrections-sans-faute.fr\/index.php\/actualites\/inscription-aux-ateliers\/#primaryimage\",\"url\":\"https:\/\/cours-corrections-sans-faute.fr\/wp-content\/uploads\/2026\/03\/Atelier-de-perfectionnement-en-orthographe-3-2026.png\",\"contentUrl\":\"https:\/\/cours-corrections-sans-faute.fr\/wp-content\/uploads\/2026\/03\/Atelier-de-perfectionnement-en-orthographe-3-2026.png\",\"width\":940,\"height\":788,\"caption\":\"Annonce de dict\u00e9e en visioconf\u00e9rence le 29 avril 2026\"},{\"@type\":\"BreadcrumbList\",\"@id\":\"https:\/\/cours-corrections-sans-faute.fr\/index.php\/actualites\/inscription-aux-ateliers\/#breadcrumb\",\"itemListElement\":[{\"@type\":\"ListItem\",\"position\":1,\"name\":\"Accueil\",\"item\":\"https:\/\/cours-corrections-sans-faute.fr\/\"},{\"@type\":\"ListItem\",\"position\":2,\"name\":\"Actualit\u00e9s\",\"item\":\"https:\/\/cours-corrections-sans-faute.fr\/index.php\/actualites\/\"},{\"@type\":\"ListItem\",\"position\":3,\"name\":\"Inscription aux ateliers\"}]},{\"@type\":\"WebSite\",\"@id\":\"https:\/\/cours-corrections-sans-faute.fr\/#website\",\"url\":\"https:\/\/cours-corrections-sans-faute.fr\/\",\"name\":\"Sans-faute\",\"description\":\"Relecture et correction - Formation en orthographe\",\"publisher\":{\"@id\":\"https:\/\/cours-corrections-sans-faute.fr\/#organization\"},\"potentialAction\":[{\"@type\":\"SearchAction\",\"target\":{\"@type\":\"EntryPoint\",\"urlTemplate\":\"https:\/\/cours-corrections-sans-faute.fr\/?s={search_term_string}\"},\"query-input\":{\"@type\":\"PropertyValueSpecification\",\"valueRequired\":true,\"valueName\":\"search_term_string\"}}],\"inLanguage\":\"fr-FR\"},{\"@type\":\"Organization\",\"@id\":\"https:\/\/cours-corrections-sans-faute.fr\/#organization\",\"name\":\"Sans-faute\",\"url\":\"https:\/\/cours-corrections-sans-faute.fr\/\",\"logo\":{\"@type\":\"ImageObject\",\"inLanguage\":\"fr-FR\",\"@id\":\"https:\/\/cours-corrections-sans-faute.fr\/#\/schema\/logo\/image\/\",\"url\":\"https:\/\/cours-corrections-sans-faute.fr\/wp-content\/uploads\/2021\/02\/cropped-logo-correction-et-formation.png\",\"contentUrl\":\"https:\/\/cours-corrections-sans-faute.fr\/wp-content\/uploads\/2021\/02\/cropped-logo-correction-et-formation.png\",\"width\":500,\"height\":155,\"caption\":\"Sans-faute\"},\"image\":{\"@id\":\"https:\/\/cours-corrections-sans-faute.fr\/#\/schema\/logo\/image\/\"},\"sameAs\":[\"https:\/\/www.facebook.com\/Sans.faute78\/\",\"https:\/\/www.instagram.com\/sansfaute1\/\",\"https:\/\/www.linkedin.com\/in\/anne-laure-gruet-68209618b\/\"]}]}<\/script>\n<!-- \/ Yoast SEO plugin. -->","yoast_head_json":{"title":"Inscription aux ateliers - Sans-faute","robots":{"index":"index","follow":"follow","max-snippet":"max-snippet:-1","max-image-preview":"max-image-preview:large","max-video-preview":"max-video-preview:-1"},"canonical":"https:\/\/cours-corrections-sans-faute.fr\/index.php\/actualites\/inscription-aux-ateliers\/","og_locale":"fr_FR","og_type":"article","og_title":"Inscription aux ateliers - Sans-faute","og_description":"Bienvenue sur la page d&rsquo;inscription \u00e0 l&rsquo;atelier de perfectionnement en orthographe du mercredi 29 avril 2026 \u00e0 20 h 30, en visioconf\u00e9rence. Billetterie Weezevent","og_url":"https:\/\/cours-corrections-sans-faute.fr\/index.php\/actualites\/inscription-aux-ateliers\/","og_site_name":"Sans-faute","article_publisher":"https:\/\/www.facebook.com\/Sans.faute78\/","article_modified_time":"2026-03-27T09:16:16+00:00","og_image":[{"width":940,"height":788,"url":"https:\/\/cours-corrections-sans-faute.fr\/wp-content\/uploads\/2026\/03\/Atelier-de-perfectionnement-en-orthographe-3-2026.png","type":"image\/png"}],"twitter_card":"summary_large_image","twitter_misc":{"Dur\u00e9e de lecture estim\u00e9e":"1 minute"},"schema":{"@context":"https:\/\/schema.org","@graph":[{"@type":"WebPage","@id":"https:\/\/cours-corrections-sans-faute.fr\/index.php\/actualites\/inscription-aux-ateliers\/","url":"https:\/\/cours-corrections-sans-faute.fr\/index.php\/actualites\/inscription-aux-ateliers\/","name":"Inscription aux ateliers - Sans-faute","isPartOf":{"@id":"https:\/\/cours-corrections-sans-faute.fr\/#website"},"primaryImageOfPage":{"@id":"https:\/\/cours-corrections-sans-faute.fr\/index.php\/actualites\/inscription-aux-ateliers\/#primaryimage"},"image":{"@id":"https:\/\/cours-corrections-sans-faute.fr\/index.php\/actualites\/inscription-aux-ateliers\/#primaryimage"},"thumbnailUrl":"https:\/\/cours-corrections-sans-faute.fr\/wp-content\/uploads\/2026\/03\/Atelier-de-perfectionnement-en-orthographe-3-2026.png","datePublished":"2023-12-27T17:20:03+00:00","dateModified":"2026-03-27T09:16:16+00:00","breadcrumb":{"@id":"https:\/\/cours-corrections-sans-faute.fr\/index.php\/actualites\/inscription-aux-ateliers\/#breadcrumb"},"inLanguage":"fr-FR","potentialAction":[{"@type":"ReadAction","target":["https:\/\/cours-corrections-sans-faute.fr\/index.php\/actualites\/inscription-aux-ateliers\/"]}]},{"@type":"ImageObject","inLanguage":"fr-FR","@id":"https:\/\/cours-corrections-sans-faute.fr\/index.php\/actualites\/inscription-aux-ateliers\/#primaryimage","url":"https:\/\/cours-corrections-sans-faute.fr\/wp-content\/uploads\/2026\/03\/Atelier-de-perfectionnement-en-orthographe-3-2026.png","contentUrl":"https:\/\/cours-corrections-sans-faute.fr\/wp-content\/uploads\/2026\/03\/Atelier-de-perfectionnement-en-orthographe-3-2026.png","width":940,"height":788,"caption":"Annonce de dict\u00e9e en visioconf\u00e9rence le 29 avril 2026"},{"@type":"BreadcrumbList","@id":"https:\/\/cours-corrections-sans-faute.fr\/index.php\/actualites\/inscription-aux-ateliers\/#breadcrumb","itemListElement":[{"@type":"ListItem","position":1,"name":"Accueil","item":"https:\/\/cours-corrections-sans-faute.fr\/"},{"@type":"ListItem","position":2,"name":"Actualit\u00e9s","item":"https:\/\/cours-corrections-sans-faute.fr\/index.php\/actualites\/"},{"@type":"ListItem","position":3,"name":"Inscription aux ateliers"}]},{"@type":"WebSite","@id":"https:\/\/cours-corrections-sans-faute.fr\/#website","url":"https:\/\/cours-corrections-sans-faute.fr\/","name":"Sans-faute","description":"Relecture et correction - Formation en orthographe","publisher":{"@id":"https:\/\/cours-corrections-sans-faute.fr\/#organization"},"potentialAction":[{"@type":"SearchAction","target":{"@type":"EntryPoint","urlTemplate":"https:\/\/cours-corrections-sans-faute.fr\/?s={search_term_string}"},"query-input":{"@type":"PropertyValueSpecification","valueRequired":true,"valueName":"search_term_string"}}],"inLanguage":"fr-FR"},{"@type":"Organization","@id":"https:\/\/cours-corrections-sans-faute.fr\/#organization","name":"Sans-faute","url":"https:\/\/cours-corrections-sans-faute.fr\/","logo":{"@type":"ImageObject","inLanguage":"fr-FR","@id":"https:\/\/cours-corrections-sans-faute.fr\/#\/schema\/logo\/image\/","url":"https:\/\/cours-corrections-sans-faute.fr\/wp-content\/uploads\/2021\/02\/cropped-logo-correction-et-formation.png","contentUrl":"https:\/\/cours-corrections-sans-faute.fr\/wp-content\/uploads\/2021\/02\/cropped-logo-correction-et-formation.png","width":500,"height":155,"caption":"Sans-faute"},"image":{"@id":"https:\/\/cours-corrections-sans-faute.fr\/#\/schema\/logo\/image\/"},"sameAs":["https:\/\/www.facebook.com\/Sans.faute78\/","https:\/\/www.instagram.com\/sansfaute1\/","https:\/\/www.linkedin.com\/in\/anne-laure-gruet-68209618b\/"]}]}},"_links":{"self":[{"href":"https:\/\/cours-corrections-sans-faute.fr\/index.php\/wp-json\/wp\/v2\/pages\/768","targetHints":{"allow":["GET"]}}],"collection":[{"href":"https:\/\/cours-corrections-sans-faute.fr\/index.php\/wp-json\/wp\/v2\/pages"}],"about":[{"href":"https:\/\/cours-corrections-sans-faute.fr\/index.php\/wp-json\/wp\/v2\/types\/page"}],"author":[{"embeddable":true,"href":"https:\/\/cours-corrections-sans-faute.fr\/index.php\/wp-json\/wp\/v2\/users\/1"}],"replies":[{"embeddable":true,"href":"https:\/\/cours-corrections-sans-faute.fr\/index.php\/wp-json\/wp\/v2\/comments?post=768"}],"version-history":[{"count":30,"href":"https:\/\/cours-corrections-sans-faute.fr\/index.php\/wp-json\/wp\/v2\/pages\/768\/revisions"}],"predecessor-version":[{"id":964,"href":"https:\/\/cours-corrections-sans-faute.fr\/index.php\/wp-json\/wp\/v2\/pages\/768\/revisions\/964"}],"up":[{"embeddable":true,"href":"https:\/\/cours-corrections-sans-faute.fr\/index.php\/wp-json\/wp\/v2\/pages\/74"}],"wp:featuredmedia":[{"embeddable":true,"href":"https:\/\/cours-corrections-sans-faute.fr\/index.php\/wp-json\/wp\/v2\/media\/963"}],"wp:attachment":[{"href":"https:\/\/cours-corrections-sans-faute.fr\/index.php\/wp-json\/wp\/v2\/media?parent=768"}],"curies":[{"name":"wp","href":"https:\/\/api.w.org\/{rel}","templated":true}]}}